{"id":1158,"date":"2023-08-07T11:00:01","date_gmt":"2023-08-07T11:00:01","guid":{"rendered":"https:\/\/cryptomage.com\/?page_id=1158"},"modified":"2025-03-04T12:27:23","modified_gmt":"2025-03-04T12:27:23","slug":"projekt-cyberbezpieczny-samorzad","status":"publish","type":"page","link":"https:\/\/cryptomage.com\/en\/projekt-cyberbezpieczny-samorzad\/","title":{"rendered":"Projekt Cyberbezpieczny Samorz\u0105d"},"content":{"rendered":"<p>W ramach programu<strong> \u201eCyberbezpieczny Samorz\u0105d\u201d<\/strong> &#8211; Jednostki Samorz\u0105du Terytorialnego otrzyma\u0142y granty na popraw\u0119 cyberbezpiecze\u0144stwa w wysoko\u015bci od 200 do 850 tys. z\u0142. Projekty s\u0105\u00a0przewidziane na 2 lata, tj.2024 oraz 2025.<!--more--><\/p>\n<p><strong>Cryptomage Cyber Eye\u2122<\/strong> \u2013 jedyne <strong>polskie urz\u0105dzenie <\/strong> z polskim interfejsem w klasie<strong> Network Detection and Response<\/strong><br \/>\njest rozwi\u0105zaniem, kt\u00f3re wpisuje si\u0119 w kluczowe obszary, obj\u0119te dofinansowaniem, czyli:<\/p>\n<ul>\n<li><strong>implementacja narz\u0119dzi do monitorowania infrastruktury IT<\/strong><\/li>\n<li><strong>audyt bezpiecze\u0144stwa cyfrowego<\/strong><\/li>\n<\/ul>\n<p>Zakup sondy Cryptomage Cyber Eye\u2122 <strong>jest kosztem kwalifikowanym.<\/strong><\/p>\n<p>Je\u017celi s\u0105 Pa\u0144stwo zainteresowani naszym rozwi\u0105zaniem, ale maj\u0105 Pa\u0144stwo jakiekolwiek pytania odno\u015bnie kwalifikowalno\u015bci koszt\u00f3w,\u00a0<strong>nasz zesp\u00f3\u0142 Cryptomage pomo\u017ce<\/strong> rozwia\u0107 wszelkie w\u0105tpliwo\u015bci.<\/p>\n<p>Zapewniamy r\u00f3wnie\u017c\u00a0<strong>kontakt z niezale\u017cnymi audytorami, posiadaj\u0105cymi wymagane certyfikaty<\/strong>, kt\u00f3rzy dokonaj\u0105 audytu wdro\u017conego narz\u0119dzia. Audyt ten jest niezb\u0119dny do rozliczenia wniosku grantowego, zgodnie z par. 3, pkt. 3 Regulaminu Konkursu Grantowego Cyberbezpieczny Samorz\u0105d.<\/p>\n<p><a href=\"https:\/\/www.gov.pl\/web\/cppc\/cyberbezpieczny-samorzad\"><img loading=\"lazy\" decoding=\"async\" class=\"alignnone wp-image-1160\" src=\"https:\/\/cryptomage.com\/wp-content\/uploads\/2023\/08\/1460x616-450x190.jpeg\" alt=\"\" width=\"569\" height=\"240\" srcset=\"https:\/\/cryptomage.com\/wp-content\/uploads\/2023\/08\/1460x616-450x190.jpeg 450w, https:\/\/cryptomage.com\/wp-content\/uploads\/2023\/08\/1460x616-1024x432.jpeg 1024w, https:\/\/cryptomage.com\/wp-content\/uploads\/2023\/08\/1460x616-768x324.jpeg 768w, https:\/\/cryptomage.com\/wp-content\/uploads\/2023\/08\/1460x616.jpeg 1460w\" sizes=\"auto, (max-width: 569px) 100vw, 569px\" \/><\/a><\/p>\n<p>&nbsp;<\/p>\n<p><strong>Cryptomage Cyber Eye\u2122<\/strong> zapewnia <strong>kompleksowe dzia\u0142anie na rzecz cyberbezpiecze\u0144stwa w organizacji<\/strong> i jest znakomitym rozwi\u0105zaniem dla klient\u00f3w, kt\u00f3rzy oczekuj\u0105 skutecznego \u0142atwego w adaptacji i obs\u0142udze narz\u0119dzia do wykrywania zaawansowanych i ci\u0105g\u0142ych zagro\u017ce\u0144, eksfiltracji danych, a tak\u017ce detekcji z\u0142o\u015bliwego oprogramowania i oprogramowania ransomware.<\/p>\n<ul>\n<li><strong>rozszerzona widoczno\u015b\u0107 sieci<\/strong> daje ekspertom cyberbezpiecze\u0144stwa lepsze zrozumienie dzia\u0142a\u0144 podejmowanych przez u\u017cytkownika, a tak\u017ce interakcji urz\u0105dze\u0144.<\/li>\n<li><strong>modu\u0142 RODO<\/strong> pozwala na wykrywanie wycieku danych osobowych i wspomaga raportowanie \u2013 Cryptomage Cyber Eye, jest jedynym urz\u0105dzeniem NDR, z takim modu\u0142em.<\/li>\n<li>autorskie algorytmy sztucznej inteligencji (AI) i uczenia maszynowego (ML) pozwalaj\u0105 na <strong>wykrywanie znanych i nieznanych atak\u00f3w<\/strong> cybernetycznych<\/li>\n<li><strong>bezproblemowa integracja<\/strong> z istniej\u0105cymi systemami starszego typu, zapewnia <strong>b\u0142yskawiczne wdro\u017cenie<\/strong> rozwi\u0105zania.<\/li>\n<\/ul>\n<p>W wyniku wdro\u017cenia sondy sieciowej klasy NDR, organizacje zyskuj\u0105 lepsz\u0105 widoczno\u015b\u0107 ruchu w sieci, zostaj\u0105 wyposa\u017cone w dodatkow\u0105 warstw\u0119 zabezpiecze\u0144, a tak\u017ce s\u0105 lepiej przygotowane do szybszego reagowania, badania i wizualizacji mo\u017cliwych zagro\u017ce\u0144 i atak\u00f3w na infrastruktur\u0119 jednostki. Dzi\u0119ki modu\u0142owi forensic, w kt\u00f3ry jest wyposa\u017cona sonda Cryptomage Cyber Eye\u2122, osoby zajmuj\u0105ce si\u0119 ds. cyberbezpiecze\u0144stwem mog\u0105 bada\u0107 incydenty z r\u00f3\u017cnych perspektyw oraz analizowa\u0107 skuteczno\u015b\u0107 podj\u0119tych dzia\u0142a\u0144.<\/p>\n<p>Do gmin, powiat\u00f3w i wojew\u00f3dztw trafi prawie 1,9 mld z\u0142otych, z czego 1,5 mld z\u0142 b\u0119dzie pochodzi\u0107 ze \u015brodk\u00f3w programu Fundusze Europejskie na Rozw\u00f3j Cyfrowy 2021-2027\u201d. Projekt realizowany jest przez <a href=\"https:\/\/www.linkedin.com\/company\/centrum-projekt%C3%B3w-polska-cyfrowa\/\" data-attribute-index=\"2\" data-entity-type=\"MINI_COMPANY\">Centrum Projekt\u00f3w Polska Cyfrowa<\/a>\u00a0(CPPC) i\u00a0<a href=\"https:\/\/www.linkedin.com\/company\/nask\/\" data-attribute-index=\"4\" data-entity-type=\"MINI_COMPANY\">NASK<\/a>\u00a0Pa\u0144stwowy Instytut Badawczy.<\/p>\n<p>Szczeg\u00f3\u0142owych informacji udzieli Pa\u0144stwu:<br \/>\n<strong>Micha\u0142 Stru\u017cyna<\/strong><br \/>\n<strong>Business Development Manager<\/strong><br \/>\n<a href=\"mailto:michal.struzyna@cryptomage.com\">michal.struzyna@cryptomage.com<\/a><br \/>\n+48 533 326 614<\/p>\n","protected":false},"excerpt":{"rendered":"<p>W ramach programu \u201eCyberbezpieczny Samorz\u0105d\u201d &#8211; Jednostki Samorz\u0105du Terytorialnego otrzyma\u0142y granty na popraw\u0119 cyberbezpiecze\u0144stwa w wysoko\u015bci od 200 do 850 tys. z\u0142. Projekty s\u0105\u00a0przewidziane na 2 lata, tj.2024 oraz 2025.<\/p>\n","protected":false},"author":4,"featured_media":0,"parent":0,"menu_order":0,"comment_status":"closed","ping_status":"closed","template":"","meta":{"_acf_changed":false,"footnotes":""},"class_list":["post-1158","page","type-page","status-publish","hentry"],"acf":[],"_links":{"self":[{"href":"https:\/\/cryptomage.com\/en\/wp-json\/wp\/v2\/pages\/1158","targetHints":{"allow":["GET"]}}],"collection":[{"href":"https:\/\/cryptomage.com\/en\/wp-json\/wp\/v2\/pages"}],"about":[{"href":"https:\/\/cryptomage.com\/en\/wp-json\/wp\/v2\/types\/page"}],"author":[{"embeddable":true,"href":"https:\/\/cryptomage.com\/en\/wp-json\/wp\/v2\/users\/4"}],"replies":[{"embeddable":true,"href":"https:\/\/cryptomage.com\/en\/wp-json\/wp\/v2\/comments?post=1158"}],"version-history":[{"count":16,"href":"https:\/\/cryptomage.com\/en\/wp-json\/wp\/v2\/pages\/1158\/revisions"}],"predecessor-version":[{"id":1720,"href":"https:\/\/cryptomage.com\/en\/wp-json\/wp\/v2\/pages\/1158\/revisions\/1720"}],"wp:attachment":[{"href":"https:\/\/cryptomage.com\/en\/wp-json\/wp\/v2\/media?parent=1158"}],"curies":[{"name":"wp","href":"https:\/\/api.w.org\/{rel}","templated":true}]}}