{"id":1715,"date":"2025-03-04T12:25:12","date_gmt":"2025-03-04T12:25:12","guid":{"rendered":"https:\/\/cryptomage.com\/?page_id=1715"},"modified":"2025-03-04T12:29:37","modified_gmt":"2025-03-04T12:29:37","slug":"projekt-cyberbezpieczny-rzad","status":"publish","type":"page","link":"https:\/\/cryptomage.com\/en\/projekt-cyberbezpieczny-rzad\/","title":{"rendered":"Projekt Cyberbezpieczny Rz\u0105d"},"content":{"rendered":"<p>Ministerstwo Cyfryzacji og\u0142osi\u0142o kolejny program z dofinansowaniem na rozw\u00f3j cyberbezpiecze\u0144stwa, b\u0119d\u0105 mogli skorzysta\u0107 z niego wojewodowie, centralne lub naczelne organy administracji rz\u0105dowej oraz podleg\u0142e im jednostki.<\/p>\n<p><strong>Cryptomage Cyber Eye\u2122<\/strong>\u00a0to jedyne\u00a0<strong>polskie urz\u0105dzenie i oprogramowanie <\/strong>w klasie<strong> NDR (Network Detection and Response) <\/strong>i jest rozwi\u0105zaniem, kt\u00f3re wpisuje si\u0119 w kluczowe zadania, obj\u0119te dofinansowaniem w Obszarze Technologii. Dodatkowo nasze rozwi\u0105zanie jest ju\u017c z powodzeniem <strong>wdro\u017cone w organach administracji pa\u0144stwowej<\/strong>.<\/p>\n<p><strong>Zakup sondy Cryptomage Cyber Eye\u2122 jest kosztem kwalifikowalnym &#8211; O12 w schemacie grantowym.\u00a0<\/strong>Je\u017celi s\u0105 Pa\u0144stwo zainteresowani naszym rozwi\u0105zaniem, ale maj\u0105 Pa\u0144stwo jakiekolwiek w\u0105tpliwo\u015bci odno\u015bnie kwalifikowalno\u015bci koszt\u00f3w, <strong>nasz zesp\u00f3\u0142 Cryptomage pomo\u017ce<\/strong> rozwia\u0107 wszelkie w\u0105tpliwo\u015bci.<!--more--><\/p>\n<p>&nbsp;<\/p>\n<p><img loading=\"lazy\" decoding=\"async\" class=\"alignnone size-medium wp-image-1705\" src=\"https:\/\/cryptomage.com\/wp-content\/uploads\/2025\/03\/1460x616-450x190.jpg\" alt=\"\" width=\"450\" height=\"190\" srcset=\"https:\/\/cryptomage.com\/wp-content\/uploads\/2025\/03\/1460x616-450x190.jpg 450w, https:\/\/cryptomage.com\/wp-content\/uploads\/2025\/03\/1460x616-1024x432.jpg 1024w, https:\/\/cryptomage.com\/wp-content\/uploads\/2025\/03\/1460x616-768x324.jpg 768w, https:\/\/cryptomage.com\/wp-content\/uploads\/2025\/03\/1460x616.jpg 1460w\" sizes=\"auto, (max-width: 450px) 100vw, 450px\" \/><\/p>\n<p>&nbsp;<\/p>\n<p><strong>Cryptomage Cyber Eye\u2122<\/strong> wpisuje si\u0119 w kluczowe zadania, obj\u0119te dofinansowaniem w programie Cyberbezpieczny Rz\u0105d w Obszarze Technologii, czyli:<\/p>\n<ul>\n<li>zakup, wdro\u017cenie i utrzymanie system\u00f3w teleinformatycznych, w tym urz\u0105dze\u0144, oprogramowania i us\u0142ug zapewniaj\u0105cych prewencj\u0119, detekcj\u0119 i reakcj\u0119 na zagro\u017cenia cyberbezpiecze\u0144stwa, z niezb\u0119dnym wsparciem producenta,<\/li>\n<li>zakup, wdro\u017cenie i utrzymanie rozwi\u0105za\u0144 ci\u0105g\u0142ego monitorowania bezpiecze\u0144stwa, skanery podatno\u015bci, zarz\u0105dzanie podatno\u015bciami, zarz\u0105dzanie zasobami IT i aktywami podlegaj\u0105cymi ochronie oraz innych rodzaj\u00f3w narz\u0119dzi wymienionych poni\u017cej w katalogu klas rozwi\u0105za\u0144,<\/li>\n<li>zakup, wdro\u017cenie, konfiguracja oraz utrzymanie urz\u0105dze\u0144 i oprogramowania z zakresu cyberbezpiecze\u0144stwa,<\/li>\n<li>zakup us\u0142ug wsparcia realizowanych przez zewn\u0119trznych ekspert\u00f3w z zakresu cyberbezpiecze\u0144stwa,<\/li>\n<li>zakup, wdro\u017cenie i utrzymanie system\u00f3w lub us\u0142ug na potrzeby operacyjnych centr\u00f3w cyberbezpiecze\u0144stwa (SOC), tak\u017ce jako element Centrum Us\u0142ug Wsp\u00f3lnych.<\/li>\n<\/ul>\n<p><strong>Cryptomage Cyber Eye\u2122<\/strong>\u00a0zapewnia\u00a0<strong>kompleksowe dzia\u0142anie na rzecz cyberbezpiecze\u0144stwa w organizacji<\/strong>\u00a0i jest znakomitym rozwi\u0105zaniem dla klient\u00f3w, kt\u00f3rzy oczekuj\u0105 skutecznego \u0142atwego w adaptacji i obs\u0142udze narz\u0119dzia do wykrywania zaawansowanych i ci\u0105g\u0142ych zagro\u017ce\u0144, eksfiltracji danych, a tak\u017ce detekcji z\u0142o\u015bliwego oprogramowania i oprogramowania ransomware.<\/p>\n<ul>\n<li><strong>rozszerzona widoczno\u015b\u0107 sieci<\/strong>\u00a0daje ekspertom cyberbezpiecze\u0144stwa lepsze zrozumienie dzia\u0142a\u0144 podejmowanych przez u\u017cytkownika, a tak\u017ce interakcji urz\u0105dze\u0144.<\/li>\n<li><strong>modu\u0142 RODO<\/strong>\u00a0pozwala na wykrywanie wycieku danych osobowych i wspomaga raportowanie \u2013 Cryptomage Cyber Eye, jest jedynym urz\u0105dzeniem NDR, z takim modu\u0142em.<\/li>\n<li>autorskie algorytmy sztucznej inteligencji (AI) i uczenia maszynowego (ML) pozwalaj\u0105 na\u00a0<strong>wykrywanie znanych i nieznanych atak\u00f3w<\/strong>\u00a0cybernetycznych<\/li>\n<li><strong>bezproblemowa integracja<\/strong>\u00a0z istniej\u0105cymi systemami starszego typu, zapewnia\u00a0<strong>b\u0142yskawiczne wdro\u017cenie<\/strong>\u00a0rozwi\u0105zania.<\/li>\n<\/ul>\n<p>W wyniku wdro\u017cenia sondy sieciowej klasy NDR, organizacje zyskuj\u0105 lepsz\u0105 widoczno\u015b\u0107 ruchu w sieci, zostaj\u0105 wyposa\u017cone w dodatkow\u0105 warstw\u0119 zabezpiecze\u0144, a tak\u017ce s\u0105 lepiej przygotowane do szybszego reagowania, badania i wizualizacji mo\u017cliwych zagro\u017ce\u0144 i atak\u00f3w na infrastruktur\u0119 jednostki. Dzi\u0119ki modu\u0142owi forensic, w kt\u00f3ry jest wyposa\u017cona sonda Cryptomage Cyber Eye\u2122, osoby zajmuj\u0105ce si\u0119 ds. cyberbezpiecze\u0144stwem mog\u0105 bada\u0107 incydenty z r\u00f3\u017cnych perspektyw oraz analizowa\u0107 skuteczno\u015b\u0107 podj\u0119tych dzia\u0142a\u0144.<\/p>\n<p><strong>Ca\u0142kowita wysoko\u015b\u0107 dofinansowania programu Cyberbezpieczny rz\u0105d to 350 mln z\u0142<\/strong>, minimalna wysoko\u015b\u0107 grantu dla jednego Grantobiorcy wynosi 500 tys. z\u0142 netto, a maksymalna 10 mln z\u0142 netto. Celem przedsi\u0119wzi\u0119cia jest poprawa cyberbezpiecze\u0144stwa podmiot\u00f3w krajowego systemu cyberbezpiecze\u0144stwa (KSC), poprzez udzielenie im wsparcia w formie grant\u00f3w. Wnioski mo\u017cna sk\u0142ada\u0107 do 31.03.2025 r. do godz. 16.00<\/p>\n<p>Projekt realizowany jest przez\u00a0<a href=\"https:\/\/www.linkedin.com\/company\/centrum-projekt%C3%B3w-polska-cyfrowa\/\" data-attribute-index=\"2\" data-entity-type=\"MINI_COMPANY\">Centrum Projekt\u00f3w Polska Cyfrowa<\/a>\u00a0(CPPC) i\u00a0<a href=\"https:\/\/www.linkedin.com\/company\/nask\/\" data-attribute-index=\"4\" data-entity-type=\"MINI_COMPANY\">NASK<\/a>\u00a0Pa\u0144stwowy Instytut Badawczy.<br \/>\n<a href=\"https:\/\/www.gov.pl\/web\/cppc\/inwestycja-c-311-konkurs-grantowy-cyberbezpieczny-rzad\">https:\/\/www.gov.pl\/web\/cppc\/inwestycja-c-311-konkurs-grantowy-cyberbezpieczny-rzad<\/a><\/p>\n<p>Szczeg\u00f3\u0142owych informacji udzieli Pa\u0144stwu:<br \/>\n<strong>Micha\u0142 Stru\u017cyna<\/strong><br \/>\n<strong>Business Development Manager<\/strong><br \/>\n<a href=\"https:\/\/cryptomage.com\/cyberbezpieczny-rzad-konkurs-grantowy\/michal.struzyna@cryptomage.com\">michal.struzyna@cryptomage.com<\/a><br \/>\n+48 533 326 614<\/p>\n","protected":false},"excerpt":{"rendered":"<p>Ministerstwo Cyfryzacji og\u0142osi\u0142o kolejny program z dofinansowaniem na rozw\u00f3j cyberbezpiecze\u0144stwa, b\u0119d\u0105 mogli skorzysta\u0107 z niego wojewodowie, centralne lub naczelne organy administracji rz\u0105dowej oraz podleg\u0142e im jednostki. Cryptomage Cyber Eye\u2122\u00a0to jedyne\u00a0polskie urz\u0105dzenie i oprogramowanie w klasie NDR (Network Detection and Response) i jest rozwi\u0105zaniem, kt\u00f3re wpisuje si\u0119 w kluczowe zadania, obj\u0119te dofinansowaniem w Obszarze Technologii. Dodatkowo nasze rozwi\u0105zanie jest ju\u017c z powodzeniem wdro\u017cone w organach administracji pa\u0144stwowej. Zakup sondy Cryptomage Cyber Eye\u2122 jest kosztem kwalifikowalnym &#8211; O12 w schemacie grantowym.\u00a0Je\u017celi s\u0105 Pa\u0144stwo zainteresowani naszym rozwi\u0105zaniem, ale maj\u0105 Pa\u0144stwo jakiekolwiek w\u0105tpliwo\u015bci odno\u015bnie kwalifikowalno\u015bci koszt\u00f3w, nasz zesp\u00f3\u0142 Cryptomage pomo\u017ce [&hellip;]<\/p>\n","protected":false},"author":4,"featured_media":0,"parent":0,"menu_order":0,"comment_status":"closed","ping_status":"closed","template":"","meta":{"_acf_changed":false,"footnotes":""},"class_list":["post-1715","page","type-page","status-publish","hentry"],"acf":[],"_links":{"self":[{"href":"https:\/\/cryptomage.com\/en\/wp-json\/wp\/v2\/pages\/1715","targetHints":{"allow":["GET"]}}],"collection":[{"href":"https:\/\/cryptomage.com\/en\/wp-json\/wp\/v2\/pages"}],"about":[{"href":"https:\/\/cryptomage.com\/en\/wp-json\/wp\/v2\/types\/page"}],"author":[{"embeddable":true,"href":"https:\/\/cryptomage.com\/en\/wp-json\/wp\/v2\/users\/4"}],"replies":[{"embeddable":true,"href":"https:\/\/cryptomage.com\/en\/wp-json\/wp\/v2\/comments?post=1715"}],"version-history":[{"count":4,"href":"https:\/\/cryptomage.com\/en\/wp-json\/wp\/v2\/pages\/1715\/revisions"}],"predecessor-version":[{"id":1719,"href":"https:\/\/cryptomage.com\/en\/wp-json\/wp\/v2\/pages\/1715\/revisions\/1719"}],"wp:attachment":[{"href":"https:\/\/cryptomage.com\/en\/wp-json\/wp\/v2\/media?parent=1715"}],"curies":[{"name":"wp","href":"https:\/\/api.w.org\/{rel}","templated":true}]}}