{"id":1154,"date":"2022-12-08T21:54:37","date_gmt":"2022-12-08T21:54:37","guid":{"rendered":"https:\/\/cryptomage.com\/home\/"},"modified":"2023-12-06T11:03:18","modified_gmt":"2023-12-06T11:03:18","slug":"home","status":"publish","type":"page","link":"https:\/\/cryptomage.com\/es\/","title":{"rendered":"Qu\u00e9 nos diferencia"},"content":{"rendered":"<p>Cryptomage Cyber Eye\u2122 ofrece un enfoque \u00fanico para el an\u00e1lisis del tr\u00e1fico de red, con una combinaci\u00f3n de comportamiento del protocolo, an\u00e1lisis de paquetes y an\u00e1lisis del comportamiento de las comunicaciones del servidor. Mientras que la mayor\u00eda de las soluciones de seguridad se enfocan solo en el comportamiento del usuario y del servidor, Cryptomage Cyber Eye\u2122 tambi\u00e9n incorpora un comportamiento de red inusual de bajo nivel.<\/p>\n<p>Gracias al conocimiento \u00fanico del tr\u00e1fico de red, es posible el an\u00e1lisis avanzado de los protocolos de red, la forma en que se comunican los dispositivos y los usuarios. El prop\u00f3sito del an\u00e1lisis es detecci\u00f3n y prevenci\u00f3n de comunicaci\u00f3n de red oculta, por ejemplo, cuando el protocolo TCP\/IP se ha modificado deliberadamente para permitir la comunicaci\u00f3n de comando y control con botnets.<\/p>\n<p>Mientras que Cryptomage Cyber Eye\u2122 est\u00e1 en constante evoluci\u00f3n, equipado con inteligencia artificial y capacidades de aprendizaje autom\u00e1tico, tambi\u00e9n est\u00e1 dise\u00f1ado para integrarse e interactuar con otras soluciones de seguridad para aumentar la detecci\u00f3n de amenazas. Esto significa que puede combinar nuestras capacidades \u00fanicas de an\u00e1lisis de red con otras herramientas de seguridad para lograr niveles a\u00fan mayores de detecci\u00f3n de amenazas.<\/p>\n","protected":false},"excerpt":{"rendered":"<p>Cryptomage Cyber Eye\u2122 ofrece un enfoque \u00fanico para el an\u00e1lisis del tr\u00e1fico de red, con una combinaci\u00f3n de comportamiento del protocolo, an\u00e1lisis de paquetes y an\u00e1lisis del comportamiento de las comunicaciones del servidor. Mientras que la mayor\u00eda de las soluciones de seguridad se enfocan solo en el comportamiento del usuario y del servidor, Cryptomage Cyber Eye\u2122 tambi\u00e9n incorpora un comportamiento de red inusual de bajo nivel. Gracias al conocimiento \u00fanico del tr\u00e1fico de red, es posible el an\u00e1lisis avanzado de los protocolos de red, la forma en que se comunican los dispositivos y los usuarios. El [&hellip;]<\/p>\n","protected":false},"author":3,"featured_media":1052,"parent":0,"menu_order":0,"comment_status":"closed","ping_status":"closed","template":"home.php","meta":{"_acf_changed":false,"footnotes":""},"class_list":["post-1154","page","type-page","status-publish","has-post-thumbnail","hentry"],"acf":[],"_links":{"self":[{"href":"https:\/\/cryptomage.com\/es\/wp-json\/wp\/v2\/pages\/1154","targetHints":{"allow":["GET"]}}],"collection":[{"href":"https:\/\/cryptomage.com\/es\/wp-json\/wp\/v2\/pages"}],"about":[{"href":"https:\/\/cryptomage.com\/es\/wp-json\/wp\/v2\/types\/page"}],"author":[{"embeddable":true,"href":"https:\/\/cryptomage.com\/es\/wp-json\/wp\/v2\/users\/3"}],"replies":[{"embeddable":true,"href":"https:\/\/cryptomage.com\/es\/wp-json\/wp\/v2\/comments?post=1154"}],"version-history":[{"count":9,"href":"https:\/\/cryptomage.com\/es\/wp-json\/wp\/v2\/pages\/1154\/revisions"}],"predecessor-version":[{"id":1366,"href":"https:\/\/cryptomage.com\/es\/wp-json\/wp\/v2\/pages\/1154\/revisions\/1366"}],"wp:featuredmedia":[{"embeddable":true,"href":"https:\/\/cryptomage.com\/es\/wp-json\/wp\/v2\/media\/1052"}],"wp:attachment":[{"href":"https:\/\/cryptomage.com\/es\/wp-json\/wp\/v2\/media?parent=1154"}],"curies":[{"name":"wp","href":"https:\/\/api.w.org\/{rel}","templated":true}]}}