{"id":1178,"date":"2022-11-26T21:53:08","date_gmt":"2022-11-26T21:53:08","guid":{"rendered":"https:\/\/cryptomage.com\/modulo-rgpd\/"},"modified":"2023-08-20T12:17:46","modified_gmt":"2023-08-20T12:17:46","slug":"modulo-rgpd","status":"publish","type":"page","link":"https:\/\/cryptomage.com\/es\/modulo-rgpd\/","title":{"rendered":"M\u00f3dulo RGPD"},"content":{"rendered":"<p>Cryptomage Cyber Eye\u2122 est\u00e1 equipada con un m\u00f3dulo RGPD dedicado para proporcionar a las organizaciones soporte en la protecci\u00f3n de datos.<\/p>\n<p>El Reglamento General de Protecci\u00f3n de Datos (RGPD) es un acto legal de la Uni\u00f3n Europea y es vinculante en todos los estados miembros. El Reglamento establece las reglas para el procesamiento, uso y almacenamiento de datos personales de personas f\u00edsicas y jur\u00eddicas.<\/p>\n<p>El art\u00edculo 32 del RGPD impone varias obligaciones a las entidades que procesan datos personales, incluida la implementaci\u00f3n de medidas t\u00e9cnicas y organizativas apropiadas para garantizar un nivel de seguridad adecuado al riesgo, incluyendo, entre otras cosas, probando, midiendo y evaluando regularmente la efectividad de las medidas t\u00e9cnicas y organizativas para garantizar la seguridad del procesamiento de datos. Desde la introducci\u00f3n de las normas de protecci\u00f3n de datos, se han identificado y publicado en los medios de comunicaci\u00f3n muchas filtraciones de datos personales.<\/p>\n<p>Cryptomage Cyber Eye\u2122 respalda el cumplimiento de las directrices del RGPD por:<\/p>\n<ul>\n<li>Proporcionar un panel dedicado para el Oficial de Protecci\u00f3n de Datos permite el apoyo en el cumplimiento de las obligaciones legales.<\/li>\n<li>Seguimiento continuo de tipos de datos seleccionados (NFI, DNI, IBAN, etc.) detectados en el tr\u00e1fico de la red.<\/li>\n<li>Identificaci\u00f3n de datos personales transmitidos fuera de la UE.<\/li>\n<li>Geolocalizaci\u00f3n del destinatario o remitente de todos los datos personales detectados.<\/li>\n<li>Inventario de datos detectados.<\/li>\n<li>Obtenci\u00f3n de pruebas en forma de volcados de tr\u00e1fico de red.<\/li>\n<li>proporcionar\u00a0una interfaz anal\u00edtica coherente\u00a0con eventos de seguridad que no est\u00e9n directamente relacionados con la protecci\u00f3n de datos personales.<\/li>\n<\/ul>\n<p>El RGPD prev\u00e9 sanciones de hasta 50 millones de euros o el 4 % de los ingresos. Entre las justificaciones de las decisiones de sanci\u00f3n en las instituciones est\u00e1 la falta de implementaci\u00f3n de procesos adecuados y herramientas de supervisi\u00f3n que, seg\u00fan la Oficina de Protecci\u00f3n de Datos Personales de Polonia , podr\u00edan haber evitado los incidentes.<\/p>\n<p>El riesgo de violaciones de datos ha aumentado desde la pandemia de COVID-19, cuando se intensific\u00f3 el trabajo remoto, lo que permiti\u00f3 ataques utilizando m\u00e1s t\u00e9cnicas. En esta situaci\u00f3n, combinar la capacidad de identificar riesgos cibern\u00e9ticos y el monitoreo de protecci\u00f3n de datos se vuelve esencial.<\/p>\n","protected":false},"excerpt":{"rendered":"<p>Cryptomage Cyber Eye\u2122 est\u00e1 equipada con un m\u00f3dulo RGPD dedicado para proporcionar a las organizaciones soporte en la protecci\u00f3n de datos. El Reglamento General de Protecci\u00f3n de Datos (RGPD) es un acto legal de la Uni\u00f3n Europea y es vinculante en todos los estados miembros. El Reglamento establece las reglas para el procesamiento, uso y almacenamiento de datos personales de personas f\u00edsicas y jur\u00eddicas. El art\u00edculo 32 del RGPD impone varias obligaciones a las entidades que procesan datos personales, incluida la implementaci\u00f3n de medidas t\u00e9cnicas y organizativas apropiadas para garantizar un nivel de seguridad adecuado al [&hellip;]<\/p>\n","protected":false},"author":3,"featured_media":0,"parent":0,"menu_order":0,"comment_status":"closed","ping_status":"closed","template":"","meta":{"_acf_changed":false,"footnotes":""},"class_list":["post-1178","page","type-page","status-publish","hentry"],"acf":[],"_links":{"self":[{"href":"https:\/\/cryptomage.com\/es\/wp-json\/wp\/v2\/pages\/1178","targetHints":{"allow":["GET"]}}],"collection":[{"href":"https:\/\/cryptomage.com\/es\/wp-json\/wp\/v2\/pages"}],"about":[{"href":"https:\/\/cryptomage.com\/es\/wp-json\/wp\/v2\/types\/page"}],"author":[{"embeddable":true,"href":"https:\/\/cryptomage.com\/es\/wp-json\/wp\/v2\/users\/3"}],"replies":[{"embeddable":true,"href":"https:\/\/cryptomage.com\/es\/wp-json\/wp\/v2\/comments?post=1178"}],"version-history":[{"count":1,"href":"https:\/\/cryptomage.com\/es\/wp-json\/wp\/v2\/pages\/1178\/revisions"}],"predecessor-version":[{"id":1179,"href":"https:\/\/cryptomage.com\/es\/wp-json\/wp\/v2\/pages\/1178\/revisions\/1179"}],"wp:attachment":[{"href":"https:\/\/cryptomage.com\/es\/wp-json\/wp\/v2\/media?parent=1178"}],"curies":[{"name":"wp","href":"https:\/\/api.w.org\/{rel}","templated":true}]}}