{"id":1180,"date":"2022-12-05T15:24:32","date_gmt":"2022-12-05T15:24:32","guid":{"rendered":"https:\/\/cryptomage.com\/estudios-de-caso\/"},"modified":"2023-08-22T09:51:19","modified_gmt":"2023-08-22T09:51:19","slug":"estudios-de-caso","status":"publish","type":"page","link":"https:\/\/cryptomage.com\/es\/estudios-de-caso\/","title":{"rendered":"Estudios de caso"},"content":{"rendered":"<p>Cryptomage Cyber Eye\u2122 utiliza un an\u00e1lisis de tr\u00e1fico de red avanzado y de bajo nivel para detectar y responder a posibles incidentes de seguridad. La sonda brinda a los equipos de seguridad una excelente protecci\u00f3n, automatizando procesos para detectar y prevenir amenazas. Nuestra sonda ser\u00e1 una soluci\u00f3n eficiente para cualquier organizaci\u00f3n que quiera proteger su red de amenazas cibern\u00e9ticas y garantizar su seguridad.<\/p>\n<p>Las sondas de detecci\u00f3n y respuesta de red (NDR) est\u00e1n dise\u00f1adas para organizaciones que necesitan monitorear y proteger su red de amenazas cibern\u00e9ticas. Esta clase de soluciones es beneficiosa para las organizaciones que administran redes grandes y complejas y aquellas que necesitan una protecci\u00f3n adecuada contra amenazas avanzadas y sin firma, como los ataques APT. Las sondas NDR tambi\u00e9n pueden detectar amenazas desconocidas, como software malicioso, exploits y otros tipos de ataques cibern\u00e9ticos. Adem\u00e1s, est\u00e1n dise\u00f1ados para responder autom\u00e1ticamente a los incidentes detectados, lo que les permite reaccionar r\u00e1pidamente, protegerse contra el impacto potencial de un ataque y reducir la cantidad de eventos falsos positivos.<\/p>\n<p>La sonda Cryptomage Cyber Eye\u2122 est\u00e1 dise\u00f1ada para enfrentar los desaf\u00edos comerciales en una amplia gama de industrias:<\/p>\n","protected":false},"excerpt":{"rendered":"<p>Cryptomage Cyber Eye\u2122 utiliza un an\u00e1lisis de tr\u00e1fico de red avanzado y de bajo nivel para detectar y responder a posibles incidentes de seguridad. La sonda brinda a los equipos de seguridad una excelente protecci\u00f3n, automatizando procesos para detectar y prevenir amenazas. Nuestra sonda ser\u00e1 una soluci\u00f3n eficiente para cualquier organizaci\u00f3n que quiera proteger su red de amenazas cibern\u00e9ticas y garantizar su seguridad. Las sondas de detecci\u00f3n y respuesta de red (NDR) est\u00e1n dise\u00f1adas para organizaciones que necesitan monitorear y proteger su red de amenazas cibern\u00e9ticas. Esta clase de soluciones es beneficiosa para las organizaciones que [&hellip;]<\/p>\n","protected":false},"author":3,"featured_media":1066,"parent":0,"menu_order":0,"comment_status":"closed","ping_status":"closed","template":"case-studies.php","meta":{"_acf_changed":false,"footnotes":""},"class_list":["post-1180","page","type-page","status-publish","has-post-thumbnail","hentry"],"acf":[],"_links":{"self":[{"href":"https:\/\/cryptomage.com\/es\/wp-json\/wp\/v2\/pages\/1180","targetHints":{"allow":["GET"]}}],"collection":[{"href":"https:\/\/cryptomage.com\/es\/wp-json\/wp\/v2\/pages"}],"about":[{"href":"https:\/\/cryptomage.com\/es\/wp-json\/wp\/v2\/types\/page"}],"author":[{"embeddable":true,"href":"https:\/\/cryptomage.com\/es\/wp-json\/wp\/v2\/users\/3"}],"replies":[{"embeddable":true,"href":"https:\/\/cryptomage.com\/es\/wp-json\/wp\/v2\/comments?post=1180"}],"version-history":[{"count":1,"href":"https:\/\/cryptomage.com\/es\/wp-json\/wp\/v2\/pages\/1180\/revisions"}],"predecessor-version":[{"id":1181,"href":"https:\/\/cryptomage.com\/es\/wp-json\/wp\/v2\/pages\/1180\/revisions\/1181"}],"wp:featuredmedia":[{"embeddable":true,"href":"https:\/\/cryptomage.com\/es\/wp-json\/wp\/v2\/media\/1066"}],"wp:attachment":[{"href":"https:\/\/cryptomage.com\/es\/wp-json\/wp\/v2\/media?parent=1180"}],"curies":[{"name":"wp","href":"https:\/\/api.w.org\/{rel}","templated":true}]}}