{"id":1184,"date":"2022-12-07T14:47:51","date_gmt":"2022-12-07T14:47:51","guid":{"rendered":"https:\/\/cryptomage.com\/socios\/"},"modified":"2023-08-20T12:36:44","modified_gmt":"2023-08-20T12:36:44","slug":"socios","status":"publish","type":"page","link":"https:\/\/cryptomage.com\/es\/socios\/","title":{"rendered":"Socios"},"content":{"rendered":"<p>Respetamos y valoramos mucho la cooperaci\u00f3n con nuestros Socios y siempre nos acercamos a cada Socio individualmente. Brindamos a nuestros socios no solo condiciones de cooperaci\u00f3n favorables, sino tambi\u00e9n apoyo sustantivo en las etapas de capacitaci\u00f3n e implementaci\u00f3n, as\u00ed como en los contactos con los clientes..<\/p>\n<p>Cryptomage ofrece soluciones innovadoras de seguridad cibern\u00e9tica de alta tecnolog\u00eda que ayudan a proteger a las empresas y organizaciones de amenazas y ataques cibern\u00e9ticos. Trabajar con nosotros permite a nuestros socios brindar a sus clientes una soluci\u00f3n polaca que se alinea con las mejores tecnolog\u00edas del mundo.<\/p>\n","protected":false},"excerpt":{"rendered":"<p>Respetamos y valoramos mucho la cooperaci\u00f3n con nuestros Socios y siempre nos acercamos a cada Socio individualmente. Brindamos a nuestros socios no solo condiciones de cooperaci\u00f3n favorables, sino tambi\u00e9n apoyo sustantivo en las etapas de capacitaci\u00f3n e implementaci\u00f3n, as\u00ed como en los contactos con los clientes.. Cryptomage ofrece soluciones innovadoras de seguridad cibern\u00e9tica de alta tecnolog\u00eda que ayudan a proteger a las empresas y organizaciones de amenazas y ataques cibern\u00e9ticos. Trabajar con nosotros permite a nuestros socios brindar a sus clientes una soluci\u00f3n polaca que se alinea con las mejores tecnolog\u00edas del mundo.<\/p>\n","protected":false},"author":3,"featured_media":1078,"parent":0,"menu_order":0,"comment_status":"closed","ping_status":"closed","template":"partners.php","meta":{"_acf_changed":false,"footnotes":""},"class_list":["post-1184","page","type-page","status-publish","has-post-thumbnail","hentry"],"acf":[],"_links":{"self":[{"href":"https:\/\/cryptomage.com\/es\/wp-json\/wp\/v2\/pages\/1184","targetHints":{"allow":["GET"]}}],"collection":[{"href":"https:\/\/cryptomage.com\/es\/wp-json\/wp\/v2\/pages"}],"about":[{"href":"https:\/\/cryptomage.com\/es\/wp-json\/wp\/v2\/types\/page"}],"author":[{"embeddable":true,"href":"https:\/\/cryptomage.com\/es\/wp-json\/wp\/v2\/users\/3"}],"replies":[{"embeddable":true,"href":"https:\/\/cryptomage.com\/es\/wp-json\/wp\/v2\/comments?post=1184"}],"version-history":[{"count":1,"href":"https:\/\/cryptomage.com\/es\/wp-json\/wp\/v2\/pages\/1184\/revisions"}],"predecessor-version":[{"id":1185,"href":"https:\/\/cryptomage.com\/es\/wp-json\/wp\/v2\/pages\/1184\/revisions\/1185"}],"wp:featuredmedia":[{"embeddable":true,"href":"https:\/\/cryptomage.com\/es\/wp-json\/wp\/v2\/media\/1078"}],"wp:attachment":[{"href":"https:\/\/cryptomage.com\/es\/wp-json\/wp\/v2\/media?parent=1184"}],"curies":[{"name":"wp","href":"https:\/\/api.w.org\/{rel}","templated":true}]}}