{"id":1186,"date":"2022-12-07T10:35:36","date_gmt":"2022-12-07T10:35:36","guid":{"rendered":"https:\/\/cryptomage.com\/acerca-de-cryptomage\/"},"modified":"2024-01-22T15:27:12","modified_gmt":"2024-01-22T15:27:12","slug":"acerca-de-cryptomage","status":"publish","type":"page","link":"https:\/\/cryptomage.com\/es\/acerca-de-cryptomage\/","title":{"rendered":"Acerca de Cryptomage"},"content":{"rendered":"<p>Cryptomage es una empresa din\u00e1mica de TIC de alta tecnolog\u00eda que ofrece productos y servicios en el \u00e1rea de ciberseguridad. Nuestras soluciones de alta calidad se distinguen por la alta calidad del dise\u00f1o y la tecnolog\u00eda.<\/p>\n<p>Tenemos ra\u00edces acad\u00e9micas y contratamos a cient\u00edficos, expertos en ciberseguridad, desarrolladores de software y analistas. Nuestra estrategia est\u00e1 enfocada en mantener las m\u00e1s altas competencias de nuestro recurso humano. El equipo de Cryptomage no solo ofrece soluciones complejas: podemos mejorar todo el concepto para brindar un valor real a nuestros clientes.<\/p>\n<p>Actualmente, brindamos nuestros servicios de TI a integradores de TI de primer nivel y agencias gubernamentales. Gracias a la gran experiencia de nuestro equipo, nos adaptamos f\u00e1cilmente a las necesidades del cliente y ampliamos constantemente nuestros servicios y \u00e1reas de especializaci\u00f3n.<\/p>\n","protected":false},"excerpt":{"rendered":"<p>Cryptomage es una empresa din\u00e1mica de TIC de alta tecnolog\u00eda que ofrece productos y servicios en el \u00e1rea de ciberseguridad. Nuestras soluciones de alta calidad se distinguen por la alta calidad del dise\u00f1o y la tecnolog\u00eda. Tenemos ra\u00edces acad\u00e9micas y contratamos a cient\u00edficos, expertos en ciberseguridad, desarrolladores de software y analistas. Nuestra estrategia est\u00e1 enfocada en mantener las m\u00e1s altas competencias de nuestro recurso humano. El equipo de Cryptomage no solo ofrece soluciones complejas: podemos mejorar todo el concepto para brindar un valor real a nuestros clientes. Actualmente, brindamos nuestros servicios de TI a integradores de [&hellip;]<\/p>\n","protected":false},"author":3,"featured_media":1079,"parent":0,"menu_order":0,"comment_status":"closed","ping_status":"closed","template":"about.php","meta":{"_acf_changed":false,"footnotes":""},"class_list":["post-1186","page","type-page","status-publish","has-post-thumbnail","hentry"],"acf":[],"_links":{"self":[{"href":"https:\/\/cryptomage.com\/es\/wp-json\/wp\/v2\/pages\/1186","targetHints":{"allow":["GET"]}}],"collection":[{"href":"https:\/\/cryptomage.com\/es\/wp-json\/wp\/v2\/pages"}],"about":[{"href":"https:\/\/cryptomage.com\/es\/wp-json\/wp\/v2\/types\/page"}],"author":[{"embeddable":true,"href":"https:\/\/cryptomage.com\/es\/wp-json\/wp\/v2\/users\/3"}],"replies":[{"embeddable":true,"href":"https:\/\/cryptomage.com\/es\/wp-json\/wp\/v2\/comments?post=1186"}],"version-history":[{"count":5,"href":"https:\/\/cryptomage.com\/es\/wp-json\/wp\/v2\/pages\/1186\/revisions"}],"predecessor-version":[{"id":1504,"href":"https:\/\/cryptomage.com\/es\/wp-json\/wp\/v2\/pages\/1186\/revisions\/1504"}],"wp:featuredmedia":[{"embeddable":true,"href":"https:\/\/cryptomage.com\/es\/wp-json\/wp\/v2\/media\/1079"}],"wp:attachment":[{"href":"https:\/\/cryptomage.com\/es\/wp-json\/wp\/v2\/media?parent=1186"}],"curies":[{"name":"wp","href":"https:\/\/api.w.org\/{rel}","templated":true}]}}