{"id":1192,"date":"2022-11-26T21:52:41","date_gmt":"2022-11-26T21:52:41","guid":{"rendered":"https:\/\/cryptomage.com\/tecnologia\/"},"modified":"2025-07-15T12:44:13","modified_gmt":"2025-07-15T12:44:13","slug":"tecnologia","status":"publish","type":"page","link":"https:\/\/cryptomage.com\/es\/tecnologia\/","title":{"rendered":"Tecnolog\u00eda"},"content":{"rendered":"<p>La sonda de red de detecci\u00f3n y respuesta de red <strong>Cryptomage Cyber Eye\u2122 es mucho m\u00e1s que una simple herramienta de an\u00e1lisis de flujo de tr\u00e1fico<\/strong>. Proporciona detecci\u00f3n y predicci\u00f3n de anomal\u00edas basadas en la red en tiempo real con el protocolo de red de bajo nivel, el aprendizaje autom\u00e1tico y los algoritmos de inteligencia artificial.<\/p>\n<p>Como resultado, las organizaciones pueden identificar, monitorear y clasificar flujos de tr\u00e1fico, conexiones y posibles eventos maliciosos.<\/p>\n<p><strong>Cryptomage Cyber Eye\u2122 brinda <\/strong>a los equipos de seguridad <strong>una mayor sensaci\u00f3n de protecci\u00f3n, automatizando procesos<\/strong> para detectar y prevenir amenazas, permiti\u00e9ndoles administrar su tiempo y recursos de manera eficiente.<\/p>\n<p><strong>Cryptomage Cyber \u200b\u200b\u200b\u200bEye\u2122 es un dispositivo de red dedicado<\/strong>, cuyo coraz\u00f3n es un sistema de inteligencia artificial patentado.<\/p>\n<p data-start=\"95\" data-end=\"450\"><strong data-start=\"95\" data-end=\"111\">Arquitectura<\/strong><br data-start=\"111\" data-end=\"114\" \/><strong>Cryptomage Cyber Eye\u2122<\/strong> est\u00e1 construido sobre una arquitectura flexible y escalable, dise\u00f1ada para ofrecer una visibilidad integral de la red en entornos de TI h\u00edbridos. Admite implementaciones tanto locales como en la nube, mediante una gama de sensores f\u00edsicos y virtuales que se integran sin problemas con la infraestructura existente.<\/p>\n<p data-start=\"452\" data-end=\"645\"><strong data-start=\"452\" data-end=\"478\">Despliegue de sensores<\/strong><br data-start=\"478\" data-end=\"481\" \/>Los recolectores de tr\u00e1fico de <strong>Cryptomage Cyber Eye\u2122<\/strong> est\u00e1n disponibles en m\u00faltiples formatos para adaptarse a las necesidades de las redes empresariales modernas:<\/p>\n<ul data-start=\"646\" data-end=\"976\">\n<li data-start=\"646\" data-end=\"753\">\n<p data-start=\"648\" data-end=\"753\"><strong>Sensores f\u00edsicos<\/strong>: para centros de datos o despliegues a nivel de sucursal a trav\u00e9s de puertos TAP\/SPAN.<\/p>\n<\/li>\n<li data-start=\"754\" data-end=\"841\">\n<p data-start=\"756\" data-end=\"841\"><strong>Sensores virtuales<\/strong>: para entornos de nube privada e infraestructuras virtualizadas.<\/p>\n<\/li>\n<li data-start=\"842\" data-end=\"976\">\n<p data-start=\"844\" data-end=\"976\"><strong>Instancias nativas en la nube<\/strong>: dise\u00f1adas para plataformas de nube p\u00fablica, lo que permite una supervisi\u00f3n fluida de redes virtuales.<\/p>\n<\/li>\n<\/ul>\n<p data-start=\"978\" data-end=\"1144\">Estos sensores son capaces de capturar paquetes de red, lo que permite una inspecci\u00f3n detallada y un an\u00e1lisis de comportamiento con distintos niveles de granularidad.<\/p>\n<p data-start=\"1146\" data-end=\"1300\"><strong data-start=\"1146\" data-end=\"1179\">Visibilidad total del tr\u00e1fico<\/strong><br data-start=\"1179\" data-end=\"1182\" \/><strong>Cryptomage Cyber Eye\u2122<\/strong> est\u00e1 dise\u00f1ado para capturar y analizar el tr\u00e1fico a lo largo de toda la topolog\u00eda empresarial:<\/p>\n<ul data-start=\"1301\" data-end=\"1672\">\n<li data-start=\"1301\" data-end=\"1462\">\n<p data-start=\"1303\" data-end=\"1462\"><strong>Tr\u00e1fico Norte-Sur<\/strong>: supervisa los flujos de entrada y salida en los l\u00edmites de la red, garantizando la detecci\u00f3n de amenazas que intentan cruzar el per\u00edmetro.<\/p>\n<\/li>\n<li data-start=\"1463\" data-end=\"1672\">\n<p data-start=\"1465\" data-end=\"1672\"><strong>Tr\u00e1fico Este-Oeste<\/strong>: observa las comunicaciones internas entre dispositivos, segmentos y redes virtuales para descubrir movimientos laterales, reconocimiento interno y actividades posteriores a una intrusi\u00f3n.<\/p>\n<\/li>\n<\/ul>\n<p data-start=\"1674\" data-end=\"1843\">La ubicaci\u00f3n estrat\u00e9gica de los sensores y el enrutamiento inteligente del tr\u00e1fico aseguran una cobertura total tanto del per\u00edmetro como de las zonas internas de la red.<\/p>\n<p data-start=\"1845\" data-end=\"2157\"><strong data-start=\"1845\" data-end=\"1873\">Inteligencia en el borde<\/strong><br data-start=\"1873\" data-end=\"1876\" \/>Cada sensor realiza an\u00e1lisis de tr\u00e1fico local, extrayendo metadatos y se\u00f1ales de intrusi\u00f3n en tiempo real. Esto permite una detecci\u00f3n r\u00e1pida de anomal\u00edas sin necesidad de centralizar las cargas completas de datos, preservando el ancho de banda y mejorando la latencia de detecci\u00f3n.<\/p>\n<p data-start=\"2159\" data-end=\"2392\">Para una inspecci\u00f3n profunda, los datos brutos de paquetes y los registros de flujo enriquecidos se env\u00edan al motor anal\u00edtico central, donde modelos avanzados de IA y ML correlacionan y eval\u00faan patrones de tr\u00e1fico en todo el entorno.<\/p>\n<p>A continuaci\u00f3n encontrar\u00e1 informaci\u00f3n sobre los m\u00f3dulos m\u00e1s importantes de la sonda.<\/p>\n","protected":false},"excerpt":{"rendered":"<p>La sonda de red de detecci\u00f3n y respuesta de red Cryptomage Cyber Eye\u2122 es mucho m\u00e1s que una simple herramienta de an\u00e1lisis de flujo de tr\u00e1fico. Proporciona detecci\u00f3n y predicci\u00f3n de anomal\u00edas basadas en la red en tiempo real con el protocolo de red de bajo nivel, el aprendizaje autom\u00e1tico y los algoritmos de inteligencia artificial. Como resultado, las organizaciones pueden identificar, monitorear y clasificar flujos de tr\u00e1fico, conexiones y posibles eventos maliciosos. Cryptomage Cyber Eye\u2122 brinda a los equipos de seguridad una mayor sensaci\u00f3n de protecci\u00f3n, automatizando procesos para detectar y prevenir amenazas, permiti\u00e9ndoles administrar [&hellip;]<\/p>\n","protected":false},"author":3,"featured_media":1077,"parent":0,"menu_order":0,"comment_status":"closed","ping_status":"closed","template":"technology.php","meta":{"_acf_changed":false,"footnotes":""},"class_list":["post-1192","page","type-page","status-publish","has-post-thumbnail","hentry"],"acf":[],"_links":{"self":[{"href":"https:\/\/cryptomage.com\/es\/wp-json\/wp\/v2\/pages\/1192","targetHints":{"allow":["GET"]}}],"collection":[{"href":"https:\/\/cryptomage.com\/es\/wp-json\/wp\/v2\/pages"}],"about":[{"href":"https:\/\/cryptomage.com\/es\/wp-json\/wp\/v2\/types\/page"}],"author":[{"embeddable":true,"href":"https:\/\/cryptomage.com\/es\/wp-json\/wp\/v2\/users\/3"}],"replies":[{"embeddable":true,"href":"https:\/\/cryptomage.com\/es\/wp-json\/wp\/v2\/comments?post=1192"}],"version-history":[{"count":6,"href":"https:\/\/cryptomage.com\/es\/wp-json\/wp\/v2\/pages\/1192\/revisions"}],"predecessor-version":[{"id":1748,"href":"https:\/\/cryptomage.com\/es\/wp-json\/wp\/v2\/pages\/1192\/revisions\/1748"}],"wp:featuredmedia":[{"embeddable":true,"href":"https:\/\/cryptomage.com\/es\/wp-json\/wp\/v2\/media\/1077"}],"wp:attachment":[{"href":"https:\/\/cryptomage.com\/es\/wp-json\/wp\/v2\/media?parent=1192"}],"curies":[{"name":"wp","href":"https:\/\/api.w.org\/{rel}","templated":true}]}}