{"id":1194,"date":"2022-12-07T14:46:52","date_gmt":"2022-12-07T14:46:52","guid":{"rendered":"https:\/\/cryptomage.com\/departamento-de-i-d\/"},"modified":"2023-12-06T10:59:02","modified_gmt":"2023-12-06T10:59:02","slug":"departamento-de-i-d","status":"publish","type":"page","link":"https:\/\/cryptomage.com\/es\/departamento-de-i-d\/","title":{"rendered":"Departamento de I + D"},"content":{"rendered":"<p>El Departamento de I+D de Cryptomage est\u00e1 formado por especialistas de varios campos de investigaci\u00f3n:<\/p>\n<ul>\n<li>Ciencias de la Computaci\u00f3n<\/li>\n<li>Matem\u00e1ticas<\/li>\n<li>Telecomunicaciones<\/li>\n<li>Seguridad de informaci\u00f3n<\/li>\n<li>Circuitos digitales<\/li>\n<\/ul>\n<p>Muchos a\u00f1os de experiencia en investigaci\u00f3n cient\u00edfica nos han ayudado a desarrollar m\u00e9todos de trabajo \u00fanicos orientados a los resultados. Por lo tanto, estamos a la vanguardia de la industria y podemos gestionar con eficacia un equipo de cient\u00edficos utilizando m\u00e9todos modernos de gesti\u00f3n de proyectos y la psicolog\u00eda de la motivaci\u00f3n. Obtuvimos experiencia durante numerosos proyectos de investigaci\u00f3n y desarrollo que llevaron a implementaciones exitosas, as\u00ed como durante pasant\u00edas y visitas de investigaci\u00f3n en los mejores centros de investigaci\u00f3n del mundo, incluido Silicon Valley, California (EE. UU.).<\/p>\n<p>Tenemos ambiciosos objetivos de investigaci\u00f3n correlacionados con las necesidades de nuestros clientes. Finalmente, podemos observar los resultados de nuestro trabajo en condiciones naturales, y no solo en el laboratorio.<\/p>\n<p>Nuestra oferta incluye nuevos contratos de investigaci\u00f3n en nuestros campos de especializaci\u00f3n y la participaci\u00f3n en proyectos interdisciplinares.<\/p>\n","protected":false},"excerpt":{"rendered":"<p>El Departamento de I+D de Cryptomage est\u00e1 formado por especialistas de varios campos de investigaci\u00f3n: Ciencias de la Computaci\u00f3n Matem\u00e1ticas Telecomunicaciones Seguridad de informaci\u00f3n Circuitos digitales Muchos a\u00f1os de experiencia en investigaci\u00f3n cient\u00edfica nos han ayudado a desarrollar m\u00e9todos de trabajo \u00fanicos orientados a los resultados. Por lo tanto, estamos a la vanguardia de la industria y podemos gestionar con eficacia un equipo de cient\u00edficos utilizando m\u00e9todos modernos de gesti\u00f3n de proyectos y la psicolog\u00eda de la motivaci\u00f3n. Obtuvimos experiencia durante numerosos proyectos de investigaci\u00f3n y desarrollo que llevaron a implementaciones exitosas, as\u00ed como durante pasant\u00edas [&hellip;]<\/p>\n","protected":false},"author":3,"featured_media":1080,"parent":0,"menu_order":0,"comment_status":"closed","ping_status":"closed","template":"projects.php","meta":{"_acf_changed":false,"footnotes":""},"class_list":["post-1194","page","type-page","status-publish","has-post-thumbnail","hentry"],"acf":[],"_links":{"self":[{"href":"https:\/\/cryptomage.com\/es\/wp-json\/wp\/v2\/pages\/1194","targetHints":{"allow":["GET"]}}],"collection":[{"href":"https:\/\/cryptomage.com\/es\/wp-json\/wp\/v2\/pages"}],"about":[{"href":"https:\/\/cryptomage.com\/es\/wp-json\/wp\/v2\/types\/page"}],"author":[{"embeddable":true,"href":"https:\/\/cryptomage.com\/es\/wp-json\/wp\/v2\/users\/3"}],"replies":[{"embeddable":true,"href":"https:\/\/cryptomage.com\/es\/wp-json\/wp\/v2\/comments?post=1194"}],"version-history":[{"count":1,"href":"https:\/\/cryptomage.com\/es\/wp-json\/wp\/v2\/pages\/1194\/revisions"}],"predecessor-version":[{"id":1195,"href":"https:\/\/cryptomage.com\/es\/wp-json\/wp\/v2\/pages\/1194\/revisions\/1195"}],"wp:featuredmedia":[{"embeddable":true,"href":"https:\/\/cryptomage.com\/es\/wp-json\/wp\/v2\/media\/1080"}],"wp:attachment":[{"href":"https:\/\/cryptomage.com\/es\/wp-json\/wp\/v2\/media?parent=1194"}],"curies":[{"name":"wp","href":"https:\/\/api.w.org\/{rel}","templated":true}]}}