{"id":1399,"date":"2023-11-08T17:28:08","date_gmt":"2023-11-08T17:28:08","guid":{"rendered":"https:\/\/cryptomage.com\/o-sondzie-w-praktyce\/"},"modified":"2023-12-11T10:53:37","modified_gmt":"2023-12-11T10:53:37","slug":"o-sondzie-w-praktyce","status":"publish","type":"page","link":"https:\/\/cryptomage.com\/es\/o-sondzie-w-praktyce\/","title":{"rendered":"Sobre la investigaci\u00f3n NDR en la pr\u00e1ctica"},"content":{"rendered":"<p><strong>Lo invitamos a leer lo que nuestros clientes y socios dicen sobre Cryptomage, los beneficios de implementar la sonda Cryptomage Cyber \u200b\u200b\u200b\u200bEye\u2122 y los desaf\u00edos que hemos superado juntos.<\/strong><\/p>\n<p>En Cryptomage, enfatizamos las competencias t\u00e9cnicas y comerciales del equipo. Contamos con cient\u00edficos y analistas experimentados e ingeniosos que pueden seleccionar soluciones efectivas y mejorar conceptualmente todo el proyecto. Como resultado, los proyectos implementados por Cryptomage constituyen un verdadero valor agregado para nuestros clientes.<\/p>\n<p><!--more--><\/p>\n<hr \/>\n<p>Atende Security Foro 2023 &#8211; Anatom\u00eda de un ataque<br \/>\nKarol Kij, Director del Departamento de Soluciones de Ciberseguridad de Atende<\/p>\n<p>Durante la segunda edici\u00f3n del Foro, Karol Kij habl\u00f3 sobre las funcionalidades y beneficios m\u00e1s importantes que resultan de la implementaci\u00f3n de una sonda de red de clase de Detecci\u00f3n y Respuesta de Red basada en un estudio de caso: Cryptomage Cyber \u200b\u200b\u200b\u200bEye\u2122. La presentaci\u00f3n de 18 minutos mostr\u00f3 incidentes reales de ciberseguridad detectados por nuestra investigaci\u00f3n.<\/p>\n<p><iframe loading=\"lazy\" title=\"Karol Kij - NDR sieciowy superdetektyw\" width=\"640\" height=\"360\" src=\"https:\/\/www.youtube.com\/embed\/nCFg7ejZiTc?feature=oembed\" frameborder=\"0\" allow=\"accelerometer; autoplay; clipboard-write; encrypted-media; gyroscope; picture-in-picture; web-share\" referrerpolicy=\"strict-origin-when-cross-origin\" allowfullscreen><\/iframe><\/p>\n","protected":false},"excerpt":{"rendered":"<p>Lo invitamos a leer lo que nuestros clientes y socios dicen sobre Cryptomage, los beneficios de implementar la sonda Cryptomage Cyber \u200b\u200b\u200b\u200bEye\u2122 y los desaf\u00edos que hemos superado juntos. En Cryptomage, enfatizamos las competencias t\u00e9cnicas y comerciales del equipo. Contamos con cient\u00edficos y analistas experimentados e ingeniosos que pueden seleccionar soluciones efectivas y mejorar conceptualmente todo el proyecto. Como resultado, los proyectos implementados por Cryptomage constituyen un verdadero valor agregado para nuestros clientes.<\/p>\n","protected":false},"author":4,"featured_media":0,"parent":0,"menu_order":0,"comment_status":"closed","ping_status":"closed","template":"","meta":{"_acf_changed":false,"footnotes":""},"class_list":["post-1399","page","type-page","status-publish","hentry"],"acf":[],"_links":{"self":[{"href":"https:\/\/cryptomage.com\/es\/wp-json\/wp\/v2\/pages\/1399","targetHints":{"allow":["GET"]}}],"collection":[{"href":"https:\/\/cryptomage.com\/es\/wp-json\/wp\/v2\/pages"}],"about":[{"href":"https:\/\/cryptomage.com\/es\/wp-json\/wp\/v2\/types\/page"}],"author":[{"embeddable":true,"href":"https:\/\/cryptomage.com\/es\/wp-json\/wp\/v2\/users\/4"}],"replies":[{"embeddable":true,"href":"https:\/\/cryptomage.com\/es\/wp-json\/wp\/v2\/comments?post=1399"}],"version-history":[{"count":1,"href":"https:\/\/cryptomage.com\/es\/wp-json\/wp\/v2\/pages\/1399\/revisions"}],"predecessor-version":[{"id":1402,"href":"https:\/\/cryptomage.com\/es\/wp-json\/wp\/v2\/pages\/1399\/revisions\/1402"}],"wp:attachment":[{"href":"https:\/\/cryptomage.com\/es\/wp-json\/wp\/v2\/media?parent=1399"}],"curies":[{"name":"wp","href":"https:\/\/api.w.org\/{rel}","templated":true}]}}