{"id":1406,"date":"2023-11-08T17:15:11","date_gmt":"2023-11-08T17:15:11","guid":{"rendered":"https:\/\/cryptomage.com\/criptomage-en-gartner-peer-insights\/"},"modified":"2024-01-16T14:31:42","modified_gmt":"2024-01-16T14:31:42","slug":"criptomage-en-gartner-peer-insights","status":"publish","type":"page","link":"https:\/\/cryptomage.com\/es\/criptomage-en-gartner-peer-insights\/","title":{"rendered":"Criptomage en Gartner Peer Insights\u2122"},"content":{"rendered":"<p><a href=\"https:\/\/www.gartner.com\/reviews\/market\/network-detection-and-response\/vendor\/cryptomage\/product\/cryptomage-cyber-eye\"><img loading=\"lazy\" decoding=\"async\" class=\"alignnone wp-image-1299\" src=\"https:\/\/cryptomage.com\/wp-content\/uploads\/2023\/11\/gartner-recenzje-450x275.png\" alt=\"\" width=\"276\" height=\"169\" srcset=\"https:\/\/cryptomage.com\/wp-content\/uploads\/2023\/11\/gartner-recenzje-450x275.png 450w, https:\/\/cryptomage.com\/wp-content\/uploads\/2023\/11\/gartner-recenzje-1024x625.png 1024w, https:\/\/cryptomage.com\/wp-content\/uploads\/2023\/11\/gartner-recenzje-768x469.png 768w, https:\/\/cryptomage.com\/wp-content\/uploads\/2023\/11\/gartner-recenzje.png 1276w\" sizes=\"auto, (max-width: 276px) 100vw, 276px\" \/><\/a>\u00a0 \u00a0 \u00a0 \u00a0 \u00a0 \u00a0 \u00a0 \u00a0 \u00a0 \u00a0 \u00a0 <img loading=\"lazy\" decoding=\"async\" class=\"alignnone wp-image-1322\" src=\"https:\/\/cryptomage.com\/wp-content\/uploads\/2023\/11\/Gartner-peer-insights-featured-480x270-1-450x253.png\" alt=\"\" width=\"295\" height=\"166\" srcset=\"https:\/\/cryptomage.com\/wp-content\/uploads\/2023\/11\/Gartner-peer-insights-featured-480x270-1-450x253.png 450w, https:\/\/cryptomage.com\/wp-content\/uploads\/2023\/11\/Gartner-peer-insights-featured-480x270-1.png 480w\" sizes=\"auto, (max-width: 295px) 100vw, 295px\" \/>\u00a0 \u00a0 \u00a0 \u00a0 \u00a0 \u00a0 \u00a0 \u00a0 \u00a0 \u00a0 \u00a0 <img loading=\"lazy\" decoding=\"async\" class=\"alignnone wp-image-1479\" src=\"https:\/\/cryptomage.com\/wp-content\/uploads\/2024\/01\/Zrzut-ekranu-2024-01-16-151927.png\" alt=\"\" width=\"260\" height=\"152\" \/><\/p>\n<p>&nbsp;<br \/>\nCryptomage Cyber \u200b\u200b\u200b\u200bEye\u2122 figura como proveedor en la Gartner Market Guide for Network Detection and Response en 2022 y 2023.<\/p>\n<p>Las rese\u00f1as y opiniones publicadas por nuestros clientes en los sitios web de la empresa anal\u00edtica Gartner son el mejor testimonio de la eficiencia de la sonda Cryptomage Cyber Eye\u2122, la calidad de nuestros servicios y la determinaci\u00f3n que ponemos en cada proyecto. A continuaci\u00f3n, presentamos rese\u00f1as de empresas del sector energ\u00e9tico, infraestructuras cr\u00edticas y empresas del sector TI. Cada uno de ellos describe la experiencia de los usuarios de la sonda y las ventajas y beneficios de implementar una soluci\u00f3n de clase NDR.<\/p>\n<p><strong>Todos los usuarios calificaron nuestra soluci\u00f3n con cinco estrellas y Gartner verific\u00f3 cada rese\u00f1a.<\/strong><\/p>\n<p><!--more--><\/p>\n<p><a href=\"https:\/\/www.gartner.com\/reviews\/market\/network-detection-and-response\/vendor\/cryptomage\/product\/cryptomage-cyber-eye\/review\/view\/4876950\"><img loading=\"lazy\" decoding=\"async\" class=\"alignnone size-medium wp-image-1302\" src=\"https:\/\/cryptomage.com\/wp-content\/uploads\/2023\/11\/g1-450x198.png\" alt=\"\" width=\"450\" height=\"198\" srcset=\"https:\/\/cryptomage.com\/wp-content\/uploads\/2023\/11\/g1-450x198.png 450w, https:\/\/cryptomage.com\/wp-content\/uploads\/2023\/11\/g1-768x338.png 768w, https:\/\/cryptomage.com\/wp-content\/uploads\/2023\/11\/g1.png 836w\" sizes=\"auto, (max-width: 450px) 100vw, 450px\" \/><\/a> <img loading=\"lazy\" decoding=\"async\" class=\"alignnone wp-image-1305\" src=\"https:\/\/cryptomage.com\/wp-content\/uploads\/2023\/11\/g2-450x185.png\" alt=\"\" width=\"448\" height=\"184\" srcset=\"https:\/\/cryptomage.com\/wp-content\/uploads\/2023\/11\/g2-450x185.png 450w, https:\/\/cryptomage.com\/wp-content\/uploads\/2023\/11\/g2-768x315.png 768w, https:\/\/cryptomage.com\/wp-content\/uploads\/2023\/11\/g2.png 834w\" sizes=\"auto, (max-width: 448px) 100vw, 448px\" \/> <img loading=\"lazy\" decoding=\"async\" class=\"alignnone size-medium wp-image-1308\" src=\"https:\/\/cryptomage.com\/wp-content\/uploads\/2023\/11\/g3-450x182.png\" alt=\"\" width=\"450\" height=\"182\" srcset=\"https:\/\/cryptomage.com\/wp-content\/uploads\/2023\/11\/g3-450x182.png 450w, https:\/\/cryptomage.com\/wp-content\/uploads\/2023\/11\/g3-768x311.png 768w, https:\/\/cryptomage.com\/wp-content\/uploads\/2023\/11\/g3.png 839w\" sizes=\"auto, (max-width: 450px) 100vw, 450px\" \/> <img loading=\"lazy\" decoding=\"async\" class=\"alignnone size-medium wp-image-1311\" src=\"https:\/\/cryptomage.com\/wp-content\/uploads\/2023\/11\/g4-450x214.png\" alt=\"\" width=\"450\" height=\"214\" srcset=\"https:\/\/cryptomage.com\/wp-content\/uploads\/2023\/11\/g4-450x214.png 450w, https:\/\/cryptomage.com\/wp-content\/uploads\/2023\/11\/g4-768x365.png 768w, https:\/\/cryptomage.com\/wp-content\/uploads\/2023\/11\/g4.png 836w\" sizes=\"auto, (max-width: 450px) 100vw, 450px\" \/> <img loading=\"lazy\" decoding=\"async\" class=\"alignnone size-medium wp-image-1314\" src=\"https:\/\/cryptomage.com\/wp-content\/uploads\/2023\/11\/g5-450x182.png\" alt=\"\" width=\"450\" height=\"182\" srcset=\"https:\/\/cryptomage.com\/wp-content\/uploads\/2023\/11\/g5-450x182.png 450w, https:\/\/cryptomage.com\/wp-content\/uploads\/2023\/11\/g5-768x311.png 768w, https:\/\/cryptomage.com\/wp-content\/uploads\/2023\/11\/g5.png 836w\" sizes=\"auto, (max-width: 450px) 100vw, 450px\" \/> <img loading=\"lazy\" decoding=\"async\" class=\"alignnone size-medium wp-image-1317\" src=\"https:\/\/cryptomage.com\/wp-content\/uploads\/2023\/11\/g6-450x181.png\" alt=\"\" width=\"450\" height=\"181\" srcset=\"https:\/\/cryptomage.com\/wp-content\/uploads\/2023\/11\/g6-450x181.png 450w, https:\/\/cryptomage.com\/wp-content\/uploads\/2023\/11\/g6-768x309.png 768w, https:\/\/cryptomage.com\/wp-content\/uploads\/2023\/11\/g6.png 845w\" sizes=\"auto, (max-width: 450px) 100vw, 450px\" \/><\/p>\n<p>&nbsp;<\/p>\n","protected":false},"excerpt":{"rendered":"<p>\u00a0 \u00a0 \u00a0 \u00a0 \u00a0 \u00a0 \u00a0 \u00a0 \u00a0 \u00a0 \u00a0 \u00a0 \u00a0 \u00a0 \u00a0 \u00a0 \u00a0 \u00a0 \u00a0 \u00a0 \u00a0 \u00a0 &nbsp; Cryptomage Cyber \u200b\u200b\u200b\u200bEye\u2122 figura como proveedor en la Gartner Market Guide for Network Detection and Response en 2022 y 2023. Las rese\u00f1as y opiniones publicadas por nuestros clientes en los sitios web de la empresa anal\u00edtica Gartner son el mejor testimonio de la eficiencia de la sonda Cryptomage Cyber Eye\u2122, la calidad de nuestros servicios y la determinaci\u00f3n que ponemos en cada proyecto. A continuaci\u00f3n, presentamos rese\u00f1as de empresas del sector energ\u00e9tico, infraestructuras [&hellip;]<\/p>\n","protected":false},"author":4,"featured_media":0,"parent":0,"menu_order":0,"comment_status":"closed","ping_status":"closed","template":"","meta":{"_acf_changed":false,"footnotes":""},"class_list":["post-1406","page","type-page","status-publish","hentry"],"acf":[],"_links":{"self":[{"href":"https:\/\/cryptomage.com\/es\/wp-json\/wp\/v2\/pages\/1406","targetHints":{"allow":["GET"]}}],"collection":[{"href":"https:\/\/cryptomage.com\/es\/wp-json\/wp\/v2\/pages"}],"about":[{"href":"https:\/\/cryptomage.com\/es\/wp-json\/wp\/v2\/types\/page"}],"author":[{"embeddable":true,"href":"https:\/\/cryptomage.com\/es\/wp-json\/wp\/v2\/users\/4"}],"replies":[{"embeddable":true,"href":"https:\/\/cryptomage.com\/es\/wp-json\/wp\/v2\/comments?post=1406"}],"version-history":[{"count":2,"href":"https:\/\/cryptomage.com\/es\/wp-json\/wp\/v2\/pages\/1406\/revisions"}],"predecessor-version":[{"id":1487,"href":"https:\/\/cryptomage.com\/es\/wp-json\/wp\/v2\/pages\/1406\/revisions\/1487"}],"wp:attachment":[{"href":"https:\/\/cryptomage.com\/es\/wp-json\/wp\/v2\/media?parent=1406"}],"curies":[{"name":"wp","href":"https:\/\/api.w.org\/{rel}","templated":true}]}}