{"id":86,"date":"2022-12-07T09:26:41","date_gmt":"2022-12-07T09:26:41","guid":{"rendered":"https:\/\/cryptomage.com\/?page_id=86"},"modified":"2023-07-03T10:31:11","modified_gmt":"2023-07-03T10:31:11","slug":"centrum-kariery-cryptomage","status":"publish","type":"page","link":"https:\/\/cryptomage.com\/es\/centrum-kariery-cryptomage\/","title":{"rendered":"Centrum kariery Cryptomage"},"content":{"rendered":"<p>Nasza oferta jest skierowana do <strong>os\u00f3b, kt\u00f3re chc\u0105 si\u0119 rozwija\u0107 w kierunkach zwi\u0105zanych z cyberbezpiecze\u0144stwem<\/strong> oraz <strong>aplikacjami klasy enterprise dla du\u017cych klient\u00f3w biznesowych<\/strong> oraz <strong>administracji publicznej<\/strong>. Praca w Cryptomage to nie tylko projekty dla klient\u00f3w, ale przede wszystkim <strong>ambitne projekty badawcze <\/strong>oraz <strong>rozwijanie w\u0142asnych produkt\u00f3w<\/strong>.<\/p>\n<p>Prowadzimy <strong>sta\u0142\u0105 rekrutacj\u0119<\/strong> na <strong>stanowiska o r\u00f3\u017cnym poziomie do\u015bwiadczenia <\/strong>&#8211; \u00a0zar\u00f3wno na stanowiska <strong>techniczne<\/strong>,\u00a0jak i <strong>biznesowe<\/strong>. W naszej firmie mo\u017cesz doskonali\u0107 si\u0119 w dowolnym z tych kierunk\u00f3w. Je\u015bli chcesz si\u0119 rozwija\u0107 i uczestniczy\u0107 w ciekawych przedsi\u0119wzi\u0119ciach, sprawd\u017a nasze aktualne wakaty!<\/p>\n","protected":false},"excerpt":{"rendered":"<p>Nasza oferta jest skierowana do os\u00f3b, kt\u00f3re chc\u0105 si\u0119 rozwija\u0107 w kierunkach zwi\u0105zanych z cyberbezpiecze\u0144stwem oraz aplikacjami klasy enterprise dla du\u017cych klient\u00f3w biznesowych oraz administracji publicznej. Praca w Cryptomage to nie tylko projekty dla klient\u00f3w, ale przede wszystkim ambitne projekty badawcze oraz rozwijanie w\u0142asnych produkt\u00f3w. Prowadzimy sta\u0142\u0105 rekrutacj\u0119 na stanowiska o r\u00f3\u017cnym poziomie do\u015bwiadczenia &#8211; \u00a0zar\u00f3wno na stanowiska techniczne,\u00a0jak i biznesowe. W naszej firmie mo\u017cesz doskonali\u0107 si\u0119 w dowolnym z tych kierunk\u00f3w. Je\u015bli chcesz si\u0119 rozwija\u0107 i uczestniczy\u0107 w ciekawych przedsi\u0119wzi\u0119ciach, sprawd\u017a nasze aktualne wakaty!<\/p>\n","protected":false},"author":3,"featured_media":274,"parent":0,"menu_order":0,"comment_status":"closed","ping_status":"closed","template":"career.php","meta":{"_acf_changed":false,"footnotes":""},"class_list":["post-86","page","type-page","status-publish","has-post-thumbnail","hentry"],"acf":[],"_links":{"self":[{"href":"https:\/\/cryptomage.com\/es\/wp-json\/wp\/v2\/pages\/86","targetHints":{"allow":["GET"]}}],"collection":[{"href":"https:\/\/cryptomage.com\/es\/wp-json\/wp\/v2\/pages"}],"about":[{"href":"https:\/\/cryptomage.com\/es\/wp-json\/wp\/v2\/types\/page"}],"author":[{"embeddable":true,"href":"https:\/\/cryptomage.com\/es\/wp-json\/wp\/v2\/users\/3"}],"replies":[{"embeddable":true,"href":"https:\/\/cryptomage.com\/es\/wp-json\/wp\/v2\/comments?post=86"}],"version-history":[{"count":6,"href":"https:\/\/cryptomage.com\/es\/wp-json\/wp\/v2\/pages\/86\/revisions"}],"predecessor-version":[{"id":1031,"href":"https:\/\/cryptomage.com\/es\/wp-json\/wp\/v2\/pages\/86\/revisions\/1031"}],"wp:featuredmedia":[{"embeddable":true,"href":"https:\/\/cryptomage.com\/es\/wp-json\/wp\/v2\/media\/274"}],"wp:attachment":[{"href":"https:\/\/cryptomage.com\/es\/wp-json\/wp\/v2\/media?parent=86"}],"curies":[{"name":"wp","href":"https:\/\/api.w.org\/{rel}","templated":true}]}}