{"id":2,"date":"2016-12-15T10:56:13","date_gmt":"2016-12-15T10:56:13","guid":{"rendered":"https:\/\/the7.io\/business-one-page\/?page_id=2"},"modified":"2023-04-20T18:50:47","modified_gmt":"2023-04-20T16:50:47","slug":"home","status":"publish","type":"page","link":"https:\/\/cryptomage.com\/raport\/","title":{"rendered":"Home"},"content":{"rendered":"<p>[vc_row bg_type=&#8221;bg_color&#8221; bg_override=&#8221;full&#8221; type=&#8221;vc_default&#8221; css=&#8221;.vc_custom_1681302372069{padding-right: 25px !important;padding-left: 25px !important;}&#8221; bg_color_value=&#8221;#ffffff&#8221;][vc_column width=&#8221;1\/5&#8243;]<div class=\"stats-block stats-left  accent-icon-bg  vc_custom_1682009417260\"><div class=\"aio-icon-left\"><div class=\"ult-just-icon-wrapper  \"><div class=\"align-icon\" style=\"text-align:center;\">\n<div class=\"aio-icon advanced \"  style=\"color:#ffffff;background:#ffffff;border-style:;border-color:#333333;border-width:1px;width:44px;height:44px;line-height:44px;border-radius:500px;font-size:24px;display:inline-block;\">\n\t<i class=\"fas fa-virus\"><\/i>\n<\/div><\/div><\/div><\/div><div class=\"stats-desc\" id=\"counter-responsv-wrap-7400\"><div id=\"counter_320674275069e74e2e6ce14\" data-id=\"counter_320674275069e74e2e6ce14\"  data-ultimate-target='#counter-responsv-wrap-7400 .stats-number'  data-responsive-json-new='{\"font-size\":\"desktop:40px;\",\"line-height\":\"desktop:50px;\"}'  class=\"stats-number ult-responsive\" style=\" color:#000000; font-weight:bold;color:#000000;\" data-speed=\"5\" data-counter-value=\"4,35\" data-separator=\",\" data-decimal=\".\">0<\/div><div class=\"counter_suffix mycust ult-responsive\"  data-ultimate-target='#counter-responsv-wrap-7400 .mycust'  data-responsive-json-new='{\"font-size\":\"desktop:40px;\",\"line-height\":\"desktop:50px;\"}'  style=\" font-weight:bold;color:#000000\">mln<\/div><div id=\"counter_320674275069e74e2e6ce14\"  data-ultimate-target='#counter-responsv-wrap-7400 .stats-text'  data-responsive-json-new='{\"font-size\":\"desktop:14px;\",\"line-height\":\"desktop:18px;\"}'  class=\"stats-text ult-responsive\" style=\"font-size:px; color:#000000; \">USD \u015bredni globalny koszt naruszenia danych *<\/div><\/div><\/div>[\/vc_column][vc_column width=&#8221;1\/5&#8243;]<div class=\"stats-block stats-left  accent-icon-bg  vc_custom_1682009413379\"><div class=\"aio-icon-left\"><div class=\"ult-just-icon-wrapper  \"><div class=\"align-icon\" style=\"text-align:center;\">\n<div class=\"aio-icon advanced \"  style=\"color:#ffffff;background:#ffffff;border-style:;border-color:#333333;border-width:1px;width:44px;height:44px;line-height:44px;border-radius:500px;font-size:24px;display:inline-block;\">\n\t<i class=\"fas fa-network-wired\"><\/i>\n<\/div><\/div><\/div><\/div><div class=\"stats-desc\" id=\"counter-responsv-wrap-5715\"><div id=\"counter_99400590669e74e2e6ceb5\" data-id=\"counter_99400590669e74e2e6ceb5\"  data-ultimate-target='#counter-responsv-wrap-5715 .stats-number'  data-responsive-json-new='{\"font-size\":\"desktop:40px;\",\"line-height\":\"desktop:50px;\"}'  class=\"stats-number ult-responsive\" style=\" color:#000000; font-weight:bold;color:#000000;\" data-speed=\"5\" data-counter-value=\"83\" data-separator=\",\" data-decimal=\".\">0<\/div><div class=\"counter_suffix mycust ult-responsive\"  data-ultimate-target='#counter-responsv-wrap-5715 .mycust'  data-responsive-json-new='{\"font-size\":\"desktop:40px;\",\"line-height\":\"desktop:50px;\"}'  style=\" font-weight:bold;color:#000000\">%<\/div><div id=\"counter_99400590669e74e2e6ceb5\"  data-ultimate-target='#counter-responsv-wrap-5715 .stats-text'  data-responsive-json-new='{\"font-size\":\"desktop:14px;\",\"line-height\":\"desktop:18px;\"}'  class=\"stats-text ult-responsive\" style=\"font-size:px; color:#000000; \">organizacji do\u015bwiadczy\u0142o wi\u0119cej ni\u017c jednego naruszenia danych*<\/div><\/div><\/div>[\/vc_column][vc_column width=&#8221;1\/5&#8243;]<div class=\"stats-block stats-left  accent-icon-bg  vc_custom_1682009392432\"><div class=\"aio-icon-left\"><div class=\"ult-just-icon-wrapper  \"><div class=\"align-icon\" style=\"text-align:center;\">\n<div class=\"aio-icon advanced \"  style=\"color:#ffffff;background:#ffffff;border-style:;border-color:#333333;border-width:1px;width:44px;height:44px;line-height:44px;border-radius:500px;font-size:24px;display:inline-block;\">\n\t<i class=\"icomoon-material-24x24-error\"><\/i>\n<\/div><\/div><\/div><\/div><div class=\"stats-desc\" id=\"counter-responsv-wrap-1807\"><div id=\"counter_159410670169e74e2e6cf15\" data-id=\"counter_159410670169e74e2e6cf15\"  data-ultimate-target='#counter-responsv-wrap-1807 .stats-number'  data-responsive-json-new='{\"font-size\":\"desktop:40px;\",\"line-height\":\"desktop:50px;\"}'  class=\"stats-number ult-responsive\" style=\" color:#000000; font-weight:bold;color:#000000;\" data-speed=\"5\" data-counter-value=\"287\" data-separator=\",\" data-decimal=\".\">0<\/div><div class=\"counter_suffix mycust ult-responsive\"  data-ultimate-target='#counter-responsv-wrap-1807 .mycust'  data-responsive-json-new='{\"font-size\":\"desktop:30px;\",\"line-height\":\"desktop:40px;\"}'  style=\" font-weight:bold;color:#000000\">dni<\/div><div id=\"counter_159410670169e74e2e6cf15\"  data-ultimate-target='#counter-responsv-wrap-1807 .stats-text'  data-responsive-json-new='{\"font-size\":\"desktop:14px;\",\"line-height\":\"desktop:18px;\"}'  class=\"stats-text ult-responsive\" style=\"font-size:px; color:#000000; \">\u015brednio zajmuje wykrycie i powstrzymanie ataku*<\/div><\/div><\/div>[\/vc_column][vc_column width=&#8221;1\/5&#8243;]<div class=\"stats-block stats-left  accent-icon-bg  vc_custom_1681746783834\"><div class=\"aio-icon-left\"><div class=\"ult-just-icon-wrapper  \"><div class=\"align-icon\" style=\"text-align:center;\">\n<div class=\"aio-icon advanced \"  style=\"color:#ffffff;background:#ffffff;border-style:;border-color:#333333;border-width:1px;width:44px;height:44px;line-height:44px;border-radius:500px;font-size:24px;display:inline-block;\">\n\t<i class=\"fas fa-user-cog\"><\/i>\n<\/div><\/div><\/div><\/div><div class=\"stats-desc\" id=\"counter-responsv-wrap-5441\"><div id=\"counter_380263721469e74e2e6cf68\" data-id=\"counter_380263721469e74e2e6cf68\"  data-ultimate-target='#counter-responsv-wrap-5441 .stats-number'  data-responsive-json-new='{\"font-size\":\"desktop:40px;\",\"line-height\":\"desktop:50px;\"}'  class=\"stats-number ult-responsive\" style=\" color:#000000; font-weight:bold;color:#000000;\" data-speed=\"5\" data-counter-value=\"3\" data-separator=\",\" data-decimal=\".\">0<\/div><div class=\"counter_suffix mycust ult-responsive\"  data-ultimate-target='#counter-responsv-wrap-5441 .mycust'  data-responsive-json-new='{\"font-size\":\"desktop:40px;\",\"line-height\":\"desktop:50px;\"}'  style=\" font-weight:bold;color:#000000\">mln<\/div><div id=\"counter_380263721469e74e2e6cf68\"  data-ultimate-target='#counter-responsv-wrap-5441 .stats-text'  data-responsive-json-new='{\"font-size\":\"desktop:14px;\",\"line-height\":\"desktop:18px;\"}'  class=\"stats-text ult-responsive\" style=\"font-size:px; color:#000000; \">liczba wakat\u00f3w specjalist\u00f3w w zakresie cyberbezpiecze\u0144stwa **<\/div><\/div><\/div>[\/vc_column][vc_column width=&#8221;1\/5&#8243;]<div class=\"stats-block stats-left  accent-icon-bg  vc_custom_1682009397348\"><div class=\"aio-icon-left\"><div class=\"ult-just-icon-wrapper  \"><div class=\"align-icon\" style=\"text-align:center;\">\n<div class=\"aio-icon advanced \"  style=\"color:#ffffff;background:#ffffff;border-style:;border-color:#333333;border-width:1px;width:44px;height:44px;line-height:44px;border-radius:500px;font-size:24px;display:inline-block;\">\n\t<i class=\"fas fa-money-check-alt\"><\/i>\n<\/div><\/div><\/div><\/div><div class=\"stats-desc\" id=\"counter-responsv-wrap-3881\"><div id=\"counter_287702553269e74e2e6cfc9\" data-id=\"counter_287702553269e74e2e6cfc9\"  data-ultimate-target='#counter-responsv-wrap-3881 .stats-number'  data-responsive-json-new='{\"font-size\":\"desktop:40px;\",\"line-height\":\"desktop:50px;\"}'  class=\"stats-number ult-responsive\" style=\" color:#000000; font-weight:bold;color:#000000;\" data-speed=\"5\" data-counter-value=\"10\" data-separator=\",\" data-decimal=\".\">0<\/div><div class=\"counter_suffix mycust ult-responsive\"  data-ultimate-target='#counter-responsv-wrap-3881 .mycust'  data-responsive-json-new='{\"font-size\":\"desktop:40px;\",\"line-height\":\"desktop:50px;\"}'  style=\" font-weight:bold;color:#000000\">mld<\/div><div id=\"counter_287702553269e74e2e6cfc9\"  data-ultimate-target='#counter-responsv-wrap-3881 .stats-text'  data-responsive-json-new='{\"font-size\":\"desktop:14px;\",\"line-height\":\"desktop:18px;\"}'  class=\"stats-text ult-responsive\" style=\"font-size:px; color:#000000; \">USD warto\u015b\u0107 globalnego rynku AI w cyberbezpiecze\u0144stwie ***<\/div><\/div><\/div>[\/vc_column][\/vc_row][vc_row bg_type=&#8221;bg_color&#8221; bg_override=&#8221;full&#8221; type=&#8221;vc_default&#8221; css=&#8221;.vc_custom_1682009448967{margin-top: -10px !important;margin-bottom: -20px !important;padding-right: 25px !important;padding-left: 25px !important;}&#8221; bg_color_value=&#8221;#ffffff&#8221;][vc_column css=&#8221;.vc_custom_1681808509011{margin-top: -50px !important;padding-bottom: 5px !important;}&#8221;][vc_column_text]<\/p>\n<p style=\"text-align: center; font-size: 13px;\">*IBM Cost of a Data Breach Report 2022 | ** badanie ICS2 | *** raport MarketsandMarkets z 2022<\/p>\n<p>[\/vc_column_text][\/vc_column][\/vc_row][vc_row bg_type=&#8221;bg_color&#8221; bg_override=&#8221;full&#8221; type=&#8221;vc_default&#8221; css=&#8221;.vc_custom_1681811328520{margin-top: -25px !important;padding-right: 25px !important;padding-left: 25px !important;}&#8221; bg_color_value=&#8221;#ededed&#8221;][vc_column width=&#8221;1\/4&#8243; css=&#8221;.vc_custom_1676499055337{padding-top: 25px !important;padding-bottom: 5px !important;}&#8221;][\/vc_column][vc_column width=&#8221;2\/4&#8243;][vc_column_text css=&#8221;.vc_custom_1681894786240{padding-bottom: 25px !important;}&#8221;]<\/p>\n<h2 style=\"text-align: center;\">Z raportu dowiesz si\u0119:<\/h2>\n<p style=\"text-align: center;\">Jakie s\u0105 najnowsze trendy w cyberbezpiecze\u0144stwie<\/p>\n<p style=\"text-align: center;\">Jak wygl\u0105da rynek cybersecurity w na \u015bwiecie i w Polsce<\/p>\n<p style=\"text-align: center;\">Jaka jest rola AI i ML w cyberezpiecze\u0144stwie<\/p>\n<p style=\"text-align: center;\">Czym s\u0105 rozwi\u0105zania klasy NDR<\/p>\n<p style=\"text-align: center;\"><span lang=\"EN-US\">Czy Caas ma sens<\/span><\/p>\n<p style=\"text-align: center;\">Co to jest Triada widoczno\u015bci SOC<\/p>\n<p>[\/vc_column_text][vc_btn title=&#8221;Pobierz raport&#8221; color=&#8221;primary&#8221; size=&#8221;lg&#8221; align=&#8221;center&#8221; button_block=&#8221;true&#8221; smooth_scroll=&#8221;true&#8221; link=&#8221;url:%23!%2Fform&#8221; css=&#8221;.vc_custom_1681813351945{margin-top: -31px !important;}&#8221;][\/vc_column][vc_column width=&#8221;1\/4&#8243;][\/vc_column][\/vc_row][vc_row bg_type=&#8221;bg_color&#8221; bg_override=&#8221;full&#8221; type=&#8221;vc_default&#8221; css=&#8221;.vc_custom_1681747971348{margin-top: 30px !important;padding-right: 25px !important;padding-left: 25px !important;}&#8221; bg_color_value=&#8221;#ffffff&#8221;][vc_column width=&#8221;1\/2&#8243; css=&#8221;.vc_custom_1676499055337{padding-top: 25px !important;padding-bottom: 5px !important;}&#8221;]<div id=\"ultimate-heading-657869e74e2e6d006\" class=\"uvc-heading ult-adjust-bottom-margin ultimate-heading-657869e74e2e6d006 uvc-658 accent-border-color color-title\" data-hspacer=\"no_spacer\"  data-halign=\"left\" style=\"text-align:left\"><div class=\"uvc-heading-spacer no_spacer\" style=\"top\"><\/div><div class=\"uvc-main-heading ult-responsive\"  data-ultimate-target='.uvc-heading.ultimate-heading-657869e74e2e6d006 h2'  data-responsive-json-new='{\"font-size\":\"desktop:17px;\",\"line-height\":\"desktop:21px;\"}' ><h2 style=\"font-weight:bold;margin-bottom:15px;\">Sonda sieciowa klasy Network Detection and Response Cryptomage Cyber Eye\u2122 zapewnia wykrywanie i prognozowanie anomalii w ruchu sieciowym w czasie rzeczywistym. Dzia\u0142anie sondy oparte jest na analizie ruchu sieciowego, protoko\u0142\u00f3w, uczeniu maszynowym (ML) oraz autorskich algorytmach sztucznej inteligencji (AI).<\/h2><\/div><div class=\"uvc-sub-heading ult-responsive\"  data-ultimate-target='.uvc-heading.ultimate-heading-657869e74e2e6d006 .uvc-sub-heading '  data-responsive-json-new='{\"font-size\":\"desktop:14px;\",\"line-height\":\"desktop:18px;\"}'  style=\"font-weight:normal;\"><\/p>\n<p style=\"text-align: left;\"><strong>\u2022 Detekcja zagro\u017ce\u0144<\/strong><\/p>\n<p style=\"text-align: left;\"><strong>\u2022 Obs\u0142uga zdarze\u0144<\/strong><\/p>\n<p style=\"text-align: left;\"><strong>\u2022 Dedykowany modu\u0142 RODO<\/strong><\/p>\n<p style=\"text-align: left;\"><strong>\u2022 Modu\u0142 Forensic<\/strong><\/p>\n<p style=\"text-align: left;\"><strong>\u2022 Monitorowanie u\u017cytkownik\u00f3w i urz\u0105dze\u0144 wewn\u0119trznych<\/strong><\/p>\n<p><\/div><\/div>[\/vc_column][vc_column width=&#8221;1\/2&#8243;][vc_video link=&#8221;https:\/\/youtu.be\/jDSMQWI7jiU&#8221; align=&#8221;center&#8221;][\/vc_column][\/vc_row][vc_row bg_type=&#8221;bg_color&#8221; bg_override=&#8221;full&#8221; type=&#8221;vc_default&#8221; css=&#8221;.vc_custom_1676499004025{padding-right: 25px !important;padding-left: 25px !important;}&#8221; bg_color_value=&#8221;#ededed&#8221;][vc_column css=&#8221;.vc_custom_1676499055337{padding-top: 25px !important;padding-bottom: 5px !important;}&#8221;]<div id=\"ultimate-heading-946169e74e2e6d040\" class=\"uvc-heading ult-adjust-bottom-margin ultimate-heading-946169e74e2e6d040 uvc-968 \" data-hspacer=\"line_only\"  data-halign=\"center\" style=\"text-align:center\"><div class=\"uvc-main-heading ult-responsive\"  data-ultimate-target='.uvc-heading.ultimate-heading-946169e74e2e6d040 h2'  data-responsive-json-new='{\"font-size\":\"desktop:24px;\",\"line-height\":\"desktop:32px;\"}' ><h2 style=\"font-weight:bold;margin-bottom:15px;\">Partnerzy raportu:<\/h2><\/div><div class=\"uvc-heading-spacer line_only\" style=\"margin-bottom:15px;height:3px;\"><span class=\"uvc-headings-line\" style=\"border-style:solid;border-bottom-width:3px;border-color:;width:200px;\"><\/span><\/div><\/div>[\/vc_column][\/vc_row][vc_row bg_type=&#8221;bg_color&#8221; bg_override=&#8221;full&#8221; type=&#8221;vc_default&#8221; css=&#8221;.vc_custom_1681385857191{padding-right: 25px !important;padding-left: 25px !important;}&#8221; bg_color_value=&#8221;#ffffff&#8221;][vc_column width=&#8221;1\/4&#8243; css=&#8221;.vc_custom_1676499055337{padding-top: 25px !important;padding-bottom: 5px !important;}&#8221;][vc_single_image image=&#8221;416&#8243; img_size=&#8221;110&#215;110&#8243; alignment=&#8221;center&#8221; css=&#8221;.vc_custom_1681466564945{margin-top: 15px !important;}&#8221;][\/vc_column][vc_column width=&#8221;1\/4&#8243;][vc_single_image image=&#8221;395&#8243; img_size=&#8221;full&#8221; alignment=&#8221;center&#8221; css=&#8221;.vc_custom_1681466570118{margin-top: 15px !important;}&#8221;][\/vc_column][vc_column width=&#8221;1\/4&#8243;][vc_single_image image=&#8221;396&#8243; img_size=&#8221;110&#215;82&#8243; alignment=&#8221;center&#8221; css=&#8221;.vc_custom_1681466575507{margin-top: 20px !important;}&#8221;][\/vc_column][vc_column width=&#8221;1\/4&#8243;][vc_single_image image=&#8221;397&#8243; img_size=&#8221;110&#215;80&#8243; alignment=&#8221;center&#8221; css=&#8221;.vc_custom_1681466580753{margin-top: 15px !important;}&#8221;][\/vc_column][\/vc_row][vc_row bg_type=&#8221;image&#8221; parallax_style=&#8221;vcpb-vz-jquery&#8221; bg_image_new=&#8221;id^97|url^https:\/\/cryptomage.com\/raport\/wp-content\/uploads\/2016\/12\/img-row-051.jpg|caption^null|alt^null|title^img-row-051|description^null&#8221; bg_image_repeat=&#8221;no-repeat&#8221; bg_override=&#8221;ex-full&#8221; enable_overlay=&#8221;enable_overlay_value&#8221; overlay_color=&#8221;rgba(0,0,0,0.65)&#8221; overlay_pattern=&#8221;transperant&#8221; type=&#8221;vc_default&#8221; css=&#8221;.vc_custom_1676499455326{padding-top: 50px !important;padding-right: 25px !important;padding-bottom: 50px !important;padding-left: 25px !important;background-color: #000000 !important;}&#8221; el_id=&#8221;form&#8221;][vc_column][vc_row_inner equal_height=&#8221;yes&#8221; css=&#8221;.vc_custom_1478260572138{border-top-width: 9px !important;border-right-width: 9px !important;border-bottom-width: 9px !important;border-left-width: 9px !important;padding-top: 60px !important;padding-right: 25px !important;padding-bottom: 10px !important;padding-left: 25px !important;border-left-color: rgba(255,255,255,0.3) !important;border-left-style: double !important;border-right-color: rgba(255,255,255,0.3) !important;border-right-style: double !important;border-top-color: rgba(255,255,255,0.3) !important;border-top-style: double !important;border-bottom-color: rgba(255,255,255,0.3) !important;border-bottom-style: double !important;border-radius: 1px !important;}&#8221;][vc_column_inner offset=&#8221;vc_col-lg-6 vc_col-md-7&#8243; css=&#8221;.vc_custom_1476816412708{margin-top: 0px !important;margin-right: 0px !important;margin-bottom: 0px !important;margin-left: 0px !important;padding-top: 0px !important;padding-right: 25px !important;padding-bottom: 50px !important;padding-left: 25px !important;}&#8221;]<div id=\"ultimate-heading-162269e74e2e6d06e\" class=\"uvc-heading ult-adjust-bottom-margin ultimate-heading-162269e74e2e6d06e uvc-4042 \" data-hspacer=\"no_spacer\"  data-halign=\"left\" style=\"text-align:left\"><div class=\"uvc-heading-spacer no_spacer\" style=\"top\"><\/div><div class=\"uvc-main-heading ult-responsive\"  data-ultimate-target='.uvc-heading.ultimate-heading-162269e74e2e6d06e h2'  data-responsive-json-new='{\"font-size\":\"desktop:28px;\",\"line-height\":\"desktop:32px;\"}' ><h2 style=\"font-weight:bold;color:#ffffff;margin-bottom:15px;\">Wype\u0142nij formularz i pobierz raport!<\/h2><\/div><div class=\"uvc-sub-heading ult-responsive\"  data-ultimate-target='.uvc-heading.ultimate-heading-162269e74e2e6d06e .uvc-sub-heading '  data-responsive-json-new='{\"font-size\":\"desktop:16px;\",\"line-height\":\"desktop:20px;\"}'  style=\"font-weight:normal;color:#ffffff;margin-bottom:25px;\">Po wype\u0142nieniu formularza prze\u015blemy pa\u0144stwu raport Cyberbezpiecze\u0144stwo \u2013 Trendy Rynek Rozwi\u0105zania na podany mail<\/p>\n<p>Autorskie algorytmy AI i ML w sondzie NDR Cryptomage Cyber Eye\u2122 zapewniaj\u0105 automatyzacj\u0119 proces\u00f3w w celu wykrywania i zapobiegania zagro\u017ceniom cybernetycznym<\/p>\n<p><\/div><\/div>[\/vc_column_inner][vc_column_inner css=&#8221;.vc_custom_1476886986370{padding-top: 15px !important;padding-right: 25px !important;padding-bottom: 40px !important;padding-left: 25px !important;}&#8221; offset=&#8221;vc_col-lg-6 vc_col-md-5&#8243;]<div role=\"form\" class=\"wpcf7\" id=\"wpcf7-f274-o1\" lang=\"pl-PL\" dir=\"ltr\">\n<div class=\"screen-reader-response\"><p role=\"status\" aria-live=\"polite\" aria-atomic=\"true\"><\/p> <ul><\/ul><\/div>\n<form action=\"\/raport\/wp-json\/wp\/v2\/pages\/2#wpcf7-f274-o1\" method=\"post\" class=\"wpcf7-form init\" novalidate=\"novalidate\" data-status=\"init\">\n<div style=\"display: none;\">\n<input type=\"hidden\" name=\"_wpcf7\" value=\"274\" \/>\n<input type=\"hidden\" name=\"_wpcf7_version\" value=\"5.6.1\" \/>\n<input type=\"hidden\" name=\"_wpcf7_locale\" value=\"pl_PL\" \/>\n<input type=\"hidden\" name=\"_wpcf7_unit_tag\" value=\"wpcf7-f274-o1\" \/>\n<input type=\"hidden\" name=\"_wpcf7_container_post\" value=\"0\" \/>\n<input type=\"hidden\" name=\"_wpcf7_posted_data_hash\" value=\"\" \/>\n<\/div>\n<p><label><span class=\"wpcf7-form-control-wrap\" data-name=\"your-name\"><input type=\"text\" name=\"your-name\" value=\"\" size=\"40\" class=\"wpcf7-form-control wpcf7-text wpcf7-validates-as-required\" aria-required=\"true\" aria-invalid=\"false\" placeholder=\"Imi\u0119\" \/><\/span> <\/label><br \/>\n<label><span class=\"wpcf7-form-control-wrap\" data-name=\"text-567\"><input type=\"text\" name=\"text-567\" value=\"\" size=\"40\" class=\"wpcf7-form-control wpcf7-text\" aria-invalid=\"false\" placeholder=\"Nazwisko\" \/><\/span> <\/label><br \/>\n<label><span class=\"wpcf7-form-control-wrap\" data-name=\"text-566\"><input type=\"text\" name=\"text-566\" value=\"\" size=\"40\" class=\"wpcf7-form-control wpcf7-text\" aria-invalid=\"false\" placeholder=\"Firma\" \/><\/span> <\/label><br \/>\n<label><span class=\"wpcf7-form-control-wrap\" data-name=\"your-email\"><input type=\"email\" name=\"your-email\" value=\"\" size=\"40\" class=\"wpcf7-form-control wpcf7-text wpcf7-email wpcf7-validates-as-required wpcf7-validates-as-email\" aria-required=\"true\" aria-invalid=\"false\" placeholder=\"E-mail\" \/><\/span> <\/label><br \/>\n<label><span class=\"wpcf7-form-control-wrap\" data-name=\"tel-868\"><input type=\"tel\" name=\"tel-868\" value=\"\" size=\"40\" class=\"wpcf7-form-control wpcf7-text wpcf7-tel wpcf7-validates-as-tel\" aria-invalid=\"false\" placeholder=\"Telefon\" \/><\/span><\/label><\/p>\n<p><span class=\"wpcf7-form-control-wrap\" data-name=\"acceptance-121\"><span class=\"wpcf7-form-control wpcf7-acceptance\"><span class=\"wpcf7-list-item\"><label><input type=\"checkbox\" name=\"acceptance-121\" value=\"1\" aria-invalid=\"false\" \/><span class=\"wpcf7-list-item-label\">Przesy\u0142aj\u0105c swoje dane, wyra\u017caj\u0105 Pa\u0144stwo zgod\u0119 na otrzymywanie wiadomo\u015bci od Cryptomage<\/span><\/label><\/span><\/span><\/span><\/p>\n<p><input type=\"submit\" value=\"Pobierz raport\" class=\"wpcf7-form-control has-spinner wpcf7-submit\" \/><\/p>\n<div class=\"wpcf7-response-output\" aria-hidden=\"true\"><\/div><\/form><\/div>[\/vc_column_inner][\/vc_row_inner][\/vc_column][\/vc_row]<\/p>\n","protected":false},"excerpt":{"rendered":"<p>[vc_row bg_type=&#8221;bg_color&#8221; bg_override=&#8221;full&#8221; type=&#8221;vc_default&#8221; css=&#8221;.vc_custom_1681302372069{padding-right: 25px !important;padding-left: 25px !important;}&#8221; bg_color_value=&#8221;#ffffff&#8221;][vc_column width=&#8221;1\/5&#8243;][\/vc_column][vc_column width=&#8221;1\/5&#8243;][\/vc_column][vc_column width=&#8221;1\/5&#8243;][\/vc_column][vc_column width=&#8221;1\/5&#8243;][\/vc_column][vc_column width=&#8221;1\/5&#8243;][\/vc_column][\/vc_row][vc_row bg_type=&#8221;bg_color&#8221; bg_override=&#8221;full&#8221; type=&#8221;vc_default&#8221; css=&#8221;.vc_custom_1682009448967{margin-top: -10px !important;margin-bottom: -20px !important;padding-right: 25px !important;padding-left: 25px !important;}&#8221; bg_color_value=&#8221;#ffffff&#8221;][vc_column css=&#8221;.vc_custom_1681808509011{margin-top: -50px !important;padding-bottom: 5px !important;}&#8221;][vc_column_text] *IBM Cost of a Data Breach Report 2022 | ** badanie ICS2 | *** raport MarketsandMarkets z 2022 [\/vc_column_text][\/vc_column][\/vc_row][vc_row bg_type=&#8221;bg_color&#8221; bg_override=&#8221;full&#8221; type=&#8221;vc_default&#8221;&hellip;<\/p>\n","protected":false},"author":2,"featured_media":0,"parent":0,"menu_order":0,"comment_status":"closed","ping_status":"open","template":"template-microsite.php","meta":{"footnotes":""},"class_list":["post-2","page","type-page","status-publish","hentry","description-off"],"_links":{"self":[{"href":"https:\/\/cryptomage.com\/raport\/wp-json\/wp\/v2\/pages\/2","targetHints":{"allow":["GET"]}}],"collection":[{"href":"https:\/\/cryptomage.com\/raport\/wp-json\/wp\/v2\/pages"}],"about":[{"href":"https:\/\/cryptomage.com\/raport\/wp-json\/wp\/v2\/types\/page"}],"author":[{"embeddable":true,"href":"https:\/\/cryptomage.com\/raport\/wp-json\/wp\/v2\/users\/2"}],"replies":[{"embeddable":true,"href":"https:\/\/cryptomage.com\/raport\/wp-json\/wp\/v2\/comments?post=2"}],"version-history":[{"count":137,"href":"https:\/\/cryptomage.com\/raport\/wp-json\/wp\/v2\/pages\/2\/revisions"}],"predecessor-version":[{"id":469,"href":"https:\/\/cryptomage.com\/raport\/wp-json\/wp\/v2\/pages\/2\/revisions\/469"}],"wp:attachment":[{"href":"https:\/\/cryptomage.com\/raport\/wp-json\/wp\/v2\/media?parent=2"}],"curies":[{"name":"wp","href":"https:\/\/api.w.org\/{rel}","templated":true}]}}